{"id":3525,"date":"2025-10-11T08:29:30","date_gmt":"2025-10-11T05:29:30","guid":{"rendered":"https:\/\/www.erkanmutlu.xyz\/?page_id=3525"},"modified":"2026-02-10T11:28:55","modified_gmt":"2026-02-10T08:28:55","slug":"pdpl","status":"publish","type":"page","link":"https:\/\/www.datahidrolik.com\/en\/kvkk\/","title":{"rendered":"PDPL"},"content":{"rendered":"<div data-elementor-type=\"wp-page\" data-elementor-id=\"3525\" class=\"elementor elementor-3525\" data-elementor-post-type=\"page\">\n\t\t\t\t<div class=\"elementor-element elementor-element-d1d4bf9 e-flex e-con-boxed e-con e-parent\" data-id=\"d1d4bf9\" data-element_type=\"container\" data-e-type=\"container\" data-settings=\"{&quot;background_background&quot;:&quot;classic&quot;}\">\n\t\t\t\t\t<div class=\"e-con-inner\">\n\t\t<div class=\"elementor-element elementor-element-6e1503a e-flex e-con-boxed e-con e-child\" data-id=\"6e1503a\" data-element_type=\"container\" data-e-type=\"container\">\n\t\t\t\t\t<div class=\"e-con-inner\">\n\t\t<div class=\"elementor-element elementor-element-1a75474 e-con-full e-flex e-con e-child\" data-id=\"1a75474\" data-element_type=\"container\" data-e-type=\"container\">\n\t\t<div class=\"elementor-element elementor-element-c3c9ad6 e-con-full breadcrumbs breadcrumbs--white e-flex e-con e-child\" data-id=\"c3c9ad6\" data-element_type=\"container\" data-e-type=\"container\">\n\t\t\t\t<div class=\"elementor-element elementor-element-a46876f elementor-widget elementor-widget-shortcode\" data-id=\"a46876f\" data-element_type=\"widget\" data-e-type=\"widget\" data-widget_type=\"shortcode.default\">\n\t\t\t\t\t\t\t<div class=\"elementor-shortcode\"><nav aria-label=\"breadcrumbs\" class=\"rank-math-breadcrumb\"><p><span class=\"last\">Home<\/span><\/p><\/nav>\n<\/div>\n\t\t\t\t\t\t<\/div>\n\t\t\t\t<div class=\"elementor-element elementor-element-5bae9e7 elementor-widget elementor-widget-heading\" data-id=\"5bae9e7\" data-element_type=\"widget\" data-e-type=\"widget\" data-widget_type=\"heading.default\">\n\t\t\t\t\t<h1 class=\"elementor-heading-title elementor-size-default\">DATA HIDROLIK MAKINA SANAYI A.\u015e. EXPLICIT CONSENT STATEMENT FORM (B)\n<\/h1>\t\t\t\t<\/div>\n\t\t\t\t<div class=\"elementor-element elementor-element-6e7fabf elementor-widget elementor-widget-heading\" data-id=\"6e7fabf\" data-element_type=\"widget\" data-e-type=\"widget\" data-widget_type=\"heading.default\">\n\t\t\t\t\t<h2 class=\"elementor-heading-title elementor-size-default\">(FOR EMPLOYEES \/ INTERNS \/ EMPLOYEE CANDIDATES)\n<\/h2>\t\t\t\t<\/div>\n\t\t\t\t<div class=\"elementor-element elementor-element-73ba9f1 elementor-widget elementor-widget-text-editor\" data-id=\"73ba9f1\" data-element_type=\"widget\" data-e-type=\"widget\" data-widget_type=\"text-editor.default\">\n\t\t\t\t\t\t\t\t\t<p>I acknowledge that I have read this Information Notice and, within the scope of the Law on the Protection of Personal Data No. 6698 (PDPL), I hereby give my prior consent to the collection, recording, processing, and storage of my personal data by Data Hidrolik Makina Sanayi A.\u015e. in accordance with the principles set out in the law.<\/p><p>Pursuant to the \u201cLaw on the Protection of Personal Data No. 6698\u201d and the \u201cRegulation on the Processing of Personal Health Data and Ensuring Privacy\u201d, I consent to the processing of my personal data, special categories of personal data, and health data; including all kinds of personal data, whether verbal, written, and\/or provided electronically, that identify or help to identify me, by Data Hidrolik Makina Sanayi A.\u015e., for the purposes of candidate selection, execution of employment contracts, fulfillment of contractual obligations, provision and planning of health services, and sharing with other persons and organizations when required by relevant legislation. I declare that I have been informed by the Company regarding these matters, that <strong>I have been informed within the framework of the PDPL, and that I give my explicit consent as described above<\/strong>. <strong>I accept, declare and undertake that I have given my explicit consent.<\/strong><\/p><p>In accordance with Article 11 of the PDPL and related regulations, I acknowledge that I have the right to learn whether my personal data is processed, to request information if it has been processed, to learn the purpose of processing and whether it is used in line with this purpose, to know the third parties to whom personal data has been transferred domestically or abroad, to request correction if personal data is incomplete or inaccurate, to request deletion or destruction of data when the reasons for processing no longer exist, to request that such correction or deletion be notified to third parties to whom data has been transferred, to object to any outcome against me resulting from analysis by automated systems, and to demand compensation for any damage arising from the unlawful processing of my personal data. I acknowledge that I can exercise these rights by completing the Data Subject Application Form and submitting it to Data Hidrolik Makina Sanayi A.\u015e. through the methods specified in the form, through a notary public, or by other means defined in the PDPL.<\/p><p>Furthermore, I declare that the personal data I have shared with the Company is accurate and up to date, and I agree to inform the Company of any changes to this information.<\/p><p>I give my explicit consent for the processing, use, sharing, and retention of my personal data, including special categories of personal data, limited to the purpose of processing within the relevant scope and for the necessary period of time. I confirm that I have been informed about these matters, and I declare that I have read and understood the Data Hidrolik Makina Sanayi A.\u015e. Personal Data Protection Policy and this Explicit Consent Statement Form.<\/p>\t\t\t\t\t\t\t\t<\/div>\n\t\t\t\t<\/div>\n\t\t\t\t<\/div>\n\t\t\t\t\t<\/div>\n\t\t\t\t<\/div>\n\t\t\t\t\t<\/div>\n\t\t\t\t<\/div>\n\t\t\t\t<\/div>","protected":false},"excerpt":{"rendered":"<p>DATA H\u0130DROL\u0130K MAK\u0130NA SANAY\u0130 A.\u015e. VER\u0130 SAH\u0130B\u0130N\u0130N A\u00c7IK RIZA BEYAN FORMU (B) (\u00c7ALI\u015eANLAR \/ STAJYERLER \/ \u00c7ALI\u015eAN ADAYLARI \u0130\u00c7\u0130N) \u0130\u015fbu Bilgilendirme Yaz\u0131s\u0131n\u0131 okudu\u011fumu ve 6698 say\u0131l\u0131 Ki\u015fisel Verilerin Korunmas\u0131 Kanunu kapsam\u0131nda, ki\u015fisel verilerimin Data Hidrolik Makina Sanayi A.\u015e. taraf\u0131ndan yasadaki esaslar \u00e7er\u00e7evesinde toplanmas\u0131na, kaydedilmesine, i\u015flenmesine saklanmas\u0131na pe\u015finen izin verdi\u011fimi kabul, beyan ve taahh\u00fct ederim. 6698 [&hellip;]<\/p>\n","protected":false},"author":1,"featured_media":3095,"parent":0,"menu_order":0,"comment_status":"closed","ping_status":"closed","template":"","meta":{"_acf_changed":false,"footnotes":""},"class_list":["post-3525","page","type-page","status-publish","has-post-thumbnail","hentry"],"acf":[],"_links":{"self":[{"href":"https:\/\/www.datahidrolik.com\/en\/wp-json\/wp\/v2\/pages\/3525","targetHints":{"allow":["GET"]}}],"collection":[{"href":"https:\/\/www.datahidrolik.com\/en\/wp-json\/wp\/v2\/pages"}],"about":[{"href":"https:\/\/www.datahidrolik.com\/en\/wp-json\/wp\/v2\/types\/page"}],"author":[{"embeddable":true,"href":"https:\/\/www.datahidrolik.com\/en\/wp-json\/wp\/v2\/users\/1"}],"replies":[{"embeddable":true,"href":"https:\/\/www.datahidrolik.com\/en\/wp-json\/wp\/v2\/comments?post=3525"}],"version-history":[{"count":10,"href":"https:\/\/www.datahidrolik.com\/en\/wp-json\/wp\/v2\/pages\/3525\/revisions"}],"predecessor-version":[{"id":8508,"href":"https:\/\/www.datahidrolik.com\/en\/wp-json\/wp\/v2\/pages\/3525\/revisions\/8508"}],"wp:featuredmedia":[{"embeddable":true,"href":"https:\/\/www.datahidrolik.com\/en\/wp-json\/wp\/v2\/media\/3095"}],"wp:attachment":[{"href":"https:\/\/www.datahidrolik.com\/en\/wp-json\/wp\/v2\/media?parent=3525"}],"curies":[{"name":"wp","href":"https:\/\/api.w.org\/{rel}","templated":true}]}}