{"id":3605,"date":"2025-10-12T14:02:55","date_gmt":"2025-10-12T11:02:55","guid":{"rendered":"https:\/\/www.erkanmutlu.xyz\/?page_id=3605"},"modified":"2026-02-10T09:35:36","modified_gmt":"2026-02-10T06:35:36","slug":"commercial-vessels","status":"publish","type":"page","link":"https:\/\/www.datahidrolik.com\/en\/alanlar\/ticari-gemiler\/","title":{"rendered":"Commercial Vessels"},"content":{"rendered":"<div data-elementor-type=\"wp-page\" data-elementor-id=\"3605\" class=\"elementor elementor-3605\" data-elementor-post-type=\"page\">\n\t\t\t\t<div class=\"elementor-element elementor-element-e1cde17 e-con-full e-flex e-con e-parent\" data-id=\"e1cde17\" data-element_type=\"container\" data-e-type=\"container\" data-settings=\"{&quot;background_background&quot;:&quot;classic&quot;}\">\n\t\t<div class=\"elementor-element elementor-element-e6089e8 e-flex e-con-boxed e-con e-child\" data-id=\"e6089e8\" data-element_type=\"container\" data-e-type=\"container\">\n\t\t\t\t\t<div class=\"e-con-inner\">\n\t\t<div class=\"elementor-element elementor-element-2084ca0 breadcrumbs breadcrumbs--white e-con-full e-flex e-con e-child\" data-id=\"2084ca0\" data-element_type=\"container\" data-e-type=\"container\">\n\t\t\t\t<div class=\"elementor-element elementor-element-a2f1f10 elementor-widget elementor-widget-shortcode\" data-id=\"a2f1f10\" data-element_type=\"widget\" data-e-type=\"widget\" data-widget_type=\"shortcode.default\">\n\t\t\t\t\t\t\t<div class=\"elementor-shortcode\"><nav aria-label=\"breadcrumbs\" class=\"rank-math-breadcrumb\"><p><span class=\"last\">Home<\/span><\/p><\/nav>\n<\/div>\n\t\t\t\t\t\t<\/div>\n\t\t\t\t<div class=\"elementor-element elementor-element-5e9bf6f elementor-widget elementor-widget-text-editor\" data-id=\"5e9bf6f\" data-element_type=\"widget\" data-e-type=\"widget\" data-widget_type=\"text-editor.default\">\n\t\t\t\t\t\t\t\t\t<p><strong>Durable and reliable solutions that power global trade.<\/strong><\/p>\n<p>Commercial vessel fleets form the backbone of global trade, where safety, efficiency, and low maintenance requirements are of critical importance. At DATA, we provide high-performance deck machinery and hydraulic systems designed for all types of commercial vessels \u2014 from cargo ships to tankers. Our expertise lies in delivering system solutions that operate reliably for many years, even under the most demanding conditions. With tailor-made solutions developed for our clients\u2019 specific needs, we ensure that operational demands are always met \u2014 and exceeded.<\/p>\n\t\t\t\t\t\t\t\t<\/div>\n\t\t\t\t<\/div>\n\t\t<div class=\"elementor-element elementor-element-70e0fdc e-con-full e-flex e-con e-child\" data-id=\"70e0fdc\" data-element_type=\"container\" data-e-type=\"container\" data-settings=\"{&quot;background_background&quot;:&quot;classic&quot;}\">\n\t\t\t\t<\/div>\n\t\t<div class=\"elementor-element elementor-element-c8e2859 e-con-full e-flex e-con e-child\" data-id=\"c8e2859\" data-element_type=\"container\" data-e-type=\"container\">\n\t\t<div class=\"elementor-element elementor-element-85247c0 e-con-full breadcrumbs breadcrumbs--navy e-flex e-con e-child\" data-id=\"85247c0\" data-element_type=\"container\" data-e-type=\"container\" data-settings=\"{&quot;background_background&quot;:&quot;classic&quot;}\">\n\t\t\t\t<div class=\"elementor-element elementor-element-696df63 elementor-invisible elementor-widget elementor-widget-heading\" data-id=\"696df63\" data-element_type=\"widget\" data-e-type=\"widget\" data-settings=\"{&quot;_animation&quot;:&quot;fadeInUp&quot;,&quot;_animation_delay&quot;:0.8}\" data-widget_type=\"heading.default\">\n\t\t\t\t\t<h2 class=\"elementor-heading-title elementor-size-default\">Related Product Groups for Commercial Vessels<\/h2>\t\t\t\t<\/div>\n\t\t<div class=\"elementor-element elementor-element-efe3e5e e-grid e-con-full e-con e-child\" data-id=\"efe3e5e\" data-element_type=\"container\" data-e-type=\"container\">\n\t\t<div data-eael-wrapper-link=\"{&quot;url&quot;:&quot;https:\\\/\\\/www.datahidrolik.com\\\/en\\\/urunler\\\/irgat-sistemleri\\\/&quot;,&quot;is_external&quot;:&quot;&quot;,&quot;nofollow&quot;:&quot;&quot;}\" class=\"eael-non-traditional-link elementor-element elementor-element-805a6e0 e-con-full e-flex e-con e-child\" data-id=\"805a6e0\" data-element_type=\"container\" data-e-type=\"container\">\n\t\t\t\t<div class=\"elementor-element elementor-element-c3e8cd5 elementor-widget elementor-widget-image\" data-id=\"c3e8cd5\" data-element_type=\"widget\" data-e-type=\"widget\" data-widget_type=\"image.default\">\n\t\t\t\t\t\t\t\t\t\t\t\t\t\t\t<img fetchpriority=\"high\" decoding=\"async\" width=\"800\" height=\"800\" src=\"https:\/\/www.datahidrolik.com\/wp-content\/uploads\/2025\/12\/DZC3300.png\" class=\"attachment-large size-large wp-image-6617\" alt=\"\" srcset=\"https:\/\/www.datahidrolik.com\/wp-content\/uploads\/2025\/12\/DZC3300.png 1024w, https:\/\/www.datahidrolik.com\/wp-content\/uploads\/2025\/12\/DZC3300-300x300.png 300w, https:\/\/www.datahidrolik.com\/wp-content\/uploads\/2025\/12\/DZC3300-150x150.png 150w, https:\/\/www.datahidrolik.com\/wp-content\/uploads\/2025\/12\/DZC3300-768x768.png 768w, https:\/\/www.datahidrolik.com\/wp-content\/uploads\/2025\/12\/DZC3300-12x12.png 12w\" sizes=\"(max-width: 800px) 100vw, 800px\" \/>\t\t\t\t\t\t\t\t\t\t\t\t\t\t\t<\/div>\n\t\t<div class=\"elementor-element elementor-element-0050688 e-con-full e-flex e-con e-child\" data-id=\"0050688\" data-element_type=\"container\" data-e-type=\"container\">\n\t\t\t\t<div class=\"elementor-element elementor-element-954d92a elementor-widget elementor-widget-heading\" data-id=\"954d92a\" data-element_type=\"widget\" data-e-type=\"widget\" data-widget_type=\"heading.default\">\n\t\t\t\t\t<h3 class=\"elementor-heading-title elementor-size-default\"><div style=\"text-align:center\">\n  Anchoring and Mooring<br \/>\n  Systems\n<\/div><\/h3>\t\t\t\t<\/div>\n\t\t\t\t<div class=\"elementor-element elementor-element-869f9e2 elementor-widget elementor-widget-text-editor\" data-id=\"869f9e2\" data-element_type=\"widget\" data-e-type=\"widget\" data-widget_type=\"text-editor.default\">\n\t\t\t\t\t\t\t\t\t<p>DATA\u2019s windlass systems are engineered to provide maximum control, safety, and durability during anchoring, mooring, and line-handling operations. Comprising anchor windlasses and capstans, these systems are specially designed for vessels and yachts of all tonnages.<\/p><p>High-performance hydraulic drive systems provide reliable and uninterrupted operation even under harsh marine conditions.<\/p>\t\t\t\t\t\t\t\t<\/div>\n\t\t<div class=\"elementor-element elementor-element-1ddc9e1 e-con-full e-flex e-con e-child\" data-id=\"1ddc9e1\" data-element_type=\"container\" data-e-type=\"container\">\n\t\t\t\t<div class=\"elementor-element elementor-element-f10dccd underline-btn elementor-widget elementor-widget-button\" data-id=\"f10dccd\" data-element_type=\"widget\" data-e-type=\"widget\" data-widget_type=\"button.default\">\n\t\t\t\t\t\t\t\t\t\t<a class=\"elementor-button elementor-button-link elementor-size-sm\" href=\"https:\/\/www.datahidrolik.com\/en\/urunler\/irgat-sistemleri\/\">\n\t\t\t\t\t\t<span class=\"elementor-button-content-wrapper\">\n\t\t\t\t\t\t\t\t\t<span class=\"elementor-button-text\">More Information &gt;&gt;<\/span>\n\t\t\t\t\t<\/span>\n\t\t\t\t\t<\/a>\n\t\t\t\t\t\t\t\t<\/div>\n\t\t\t\t<\/div>\n\t\t\t\t<\/div>\n\t\t\t\t<\/div>\n\t\t<div data-eael-wrapper-link=\"{&quot;url&quot;:&quot;https:\\\/\\\/www.datahidrolik.com\\\/en\\\/urunler\\\/dumen-sistemleri\\\/&quot;,&quot;is_external&quot;:&quot;&quot;,&quot;nofollow&quot;:&quot;&quot;}\" class=\"eael-non-traditional-link elementor-element elementor-element-a78040f e-con-full e-flex e-con e-child\" data-id=\"a78040f\" data-element_type=\"container\" data-e-type=\"container\">\n\t\t\t\t<div class=\"elementor-element elementor-element-4fa4954 elementor-widget elementor-widget-image\" data-id=\"4fa4954\" data-element_type=\"widget\" data-e-type=\"widget\" data-widget_type=\"image.default\">\n\t\t\t\t\t\t\t\t\t\t\t\t\t\t\t<img decoding=\"async\" width=\"800\" height=\"800\" src=\"https:\/\/www.datahidrolik.com\/wp-content\/uploads\/2025\/12\/DDM-2000.jpeg\" class=\"attachment-large size-large wp-image-7032\" alt=\"\" srcset=\"https:\/\/www.datahidrolik.com\/wp-content\/uploads\/2025\/12\/DDM-2000.jpeg 1024w, https:\/\/www.datahidrolik.com\/wp-content\/uploads\/2025\/12\/DDM-2000-300x300.jpeg 300w, https:\/\/www.datahidrolik.com\/wp-content\/uploads\/2025\/12\/DDM-2000-150x150.jpeg 150w, https:\/\/www.datahidrolik.com\/wp-content\/uploads\/2025\/12\/DDM-2000-768x768.jpeg 768w, https:\/\/www.datahidrolik.com\/wp-content\/uploads\/2025\/12\/DDM-2000-12x12.jpeg 12w\" sizes=\"(max-width: 800px) 100vw, 800px\" \/>\t\t\t\t\t\t\t\t\t\t\t\t\t\t\t<\/div>\n\t\t<div class=\"elementor-element elementor-element-5fa3996 e-con-full e-flex e-con e-child\" data-id=\"5fa3996\" data-element_type=\"container\" data-e-type=\"container\">\n\t\t\t\t<div class=\"elementor-element elementor-element-9f17411 elementor-widget elementor-widget-heading\" data-id=\"9f17411\" data-element_type=\"widget\" data-e-type=\"widget\" data-widget_type=\"heading.default\">\n\t\t\t\t\t<h3 class=\"elementor-heading-title elementor-size-default\"><div style=\"text-align:center\">\n  Hydraulic Steering<br \/>\n  Systems\n<\/div><\/h3>\t\t\t\t<\/div>\n\t\t\t\t<div class=\"elementor-element elementor-element-b8caeef elementor-widget elementor-widget-text-editor\" data-id=\"b8caeef\" data-element_type=\"widget\" data-e-type=\"widget\" data-widget_type=\"text-editor.default\">\n\t\t\t\t\t\t\t\t\t<p>DATA designs and manufactures hydraulic steering systems ranging from 0.5 kN\u00b7m to 600 kN\u00b7m of torque. These systems are used on a wide variety of vessels \u2014 from private and mega yachts to commercial vessels, tugboats, and naval vessels. Each solution is offered as a complete set including cylinders, hand pumps, bridge controls, hydraulic power units (HPU), starter panels, and rudder angle indicators.<\/p>\t\t\t\t\t\t\t\t<\/div>\n\t\t<div class=\"elementor-element elementor-element-f17ef9a e-con-full e-flex e-con e-child\" data-id=\"f17ef9a\" data-element_type=\"container\" data-e-type=\"container\">\n\t\t\t\t<div class=\"elementor-element elementor-element-ce88110 underline-btn elementor-widget elementor-widget-button\" data-id=\"ce88110\" data-element_type=\"widget\" data-e-type=\"widget\" data-widget_type=\"button.default\">\n\t\t\t\t\t\t\t\t\t\t<a class=\"elementor-button elementor-button-link elementor-size-sm\" href=\"https:\/\/www.datahidrolik.com\/en\/urunler\/dumen-sistemleri\/\">\n\t\t\t\t\t\t<span class=\"elementor-button-content-wrapper\">\n\t\t\t\t\t\t\t\t\t<span class=\"elementor-button-text\">More Information &gt;&gt;<\/span>\n\t\t\t\t\t<\/span>\n\t\t\t\t\t<\/a>\n\t\t\t\t\t\t\t\t<\/div>\n\t\t\t\t<\/div>\n\t\t\t\t<\/div>\n\t\t\t\t<\/div>\n\t\t<div class=\"elementor-element elementor-element-ea0d557 e-con-full e-flex e-con e-child\" data-id=\"ea0d557\" data-element_type=\"container\" data-e-type=\"container\">\n\t\t\t\t<div class=\"elementor-element elementor-element-5b3acb0 elementor-widget elementor-widget-image\" data-id=\"5b3acb0\" data-element_type=\"widget\" data-e-type=\"widget\" data-widget_type=\"image.default\">\n\t\t\t\t\t\t\t\t\t\t\t\t\t\t\t<img decoding=\"async\" width=\"800\" height=\"800\" src=\"https:\/\/www.datahidrolik.com\/wp-content\/uploads\/2025\/12\/Hortum-Tamburu-HOSE-REEL.jpeg\" class=\"attachment-large size-large wp-image-7098\" alt=\"\" srcset=\"https:\/\/www.datahidrolik.com\/wp-content\/uploads\/2025\/12\/Hortum-Tamburu-HOSE-REEL.jpeg 1024w, https:\/\/www.datahidrolik.com\/wp-content\/uploads\/2025\/12\/Hortum-Tamburu-HOSE-REEL-300x300.jpeg 300w, https:\/\/www.datahidrolik.com\/wp-content\/uploads\/2025\/12\/Hortum-Tamburu-HOSE-REEL-150x150.jpeg 150w, https:\/\/www.datahidrolik.com\/wp-content\/uploads\/2025\/12\/Hortum-Tamburu-HOSE-REEL-768x768.jpeg 768w, https:\/\/www.datahidrolik.com\/wp-content\/uploads\/2025\/12\/Hortum-Tamburu-HOSE-REEL-12x12.jpeg 12w\" sizes=\"(max-width: 800px) 100vw, 800px\" \/>\t\t\t\t\t\t\t\t\t\t\t\t\t\t\t<\/div>\n\t\t<div class=\"elementor-element elementor-element-2a79073 e-con-full e-flex e-con e-child\" data-id=\"2a79073\" data-element_type=\"container\" data-e-type=\"container\">\n\t\t\t\t<div class=\"elementor-element elementor-element-5777604 elementor-widget elementor-widget-heading\" data-id=\"5777604\" data-element_type=\"widget\" data-e-type=\"widget\" data-widget_type=\"heading.default\">\n\t\t\t\t\t<h3 class=\"elementor-heading-title elementor-size-default\">Hose Reel<\/h3>\t\t\t\t<\/div>\n\t\t\t\t<div class=\"elementor-element elementor-element-0421daf elementor-widget elementor-widget-text-editor\" data-id=\"0421daf\" data-element_type=\"widget\" data-e-type=\"widget\" data-widget_type=\"text-editor.default\">\n\t\t\t\t\t\t\t\t\t<p>DATA Hose Reels are designed for the safe winding and storage of hoses on chemical tankers.\nThe hydraulically driven mechanism ensures high efficiency and reliability, while the reels are custom-built in different sizes to meet specific vessel requirements.<\/p>\t\t\t\t\t\t\t\t<\/div>\n\t\t\t\t<\/div>\n\t\t\t\t<\/div>\n\t\t\t\t<\/div>\n\t\t\t\t<\/div>\n\t\t\t\t<\/div>\n\t\t\t\t\t<\/div>\n\t\t\t\t<\/div>\n\t\t\t\t<\/div>\n\t\t\t\t<\/div>","protected":false},"excerpt":{"rendered":"<p>Ticari Gemiler \u0130\u00e7in \u0130lgili \u00dcr\u00fcn Gruplar\u0131 Irgat Sistemleri Data Hidrolik\u2019in\u00a0irgat\u00a0sistemleri; demirleme, manevra ve halat operasyonlar\u0131nda maksimum kontrol, g\u00fcvenlik ve dayan\u0131kl\u0131l\u0131k sunmak \u00fczere geli\u015ftirilmi\u015ftir. Zincir \u0131rgatlar\u0131 ve manevra\u00a0\u0131rgatlar\u0131ndan\u00a0olu\u015fan bu sistemler, her tonajda gemi ve yat i\u00e7in \u00f6zel olarak tasarlan\u0131r. Y\u00fcksek performansl\u0131 hidrolik tahrik yap\u0131lar\u0131, zorlu deniz ko\u015fullar\u0131nda dahi kesintisiz \u00e7al\u0131\u015fma g\u00fcvencesi sunar. Daha fazla bilgi &gt;&gt; [&hellip;]<\/p>\n","protected":false},"author":1,"featured_media":3706,"parent":3587,"menu_order":0,"comment_status":"closed","ping_status":"closed","template":"","meta":{"_acf_changed":false,"footnotes":""},"class_list":["post-3605","page","type-page","status-publish","has-post-thumbnail","hentry"],"acf":[],"_links":{"self":[{"href":"https:\/\/www.datahidrolik.com\/en\/wp-json\/wp\/v2\/pages\/3605","targetHints":{"allow":["GET"]}}],"collection":[{"href":"https:\/\/www.datahidrolik.com\/en\/wp-json\/wp\/v2\/pages"}],"about":[{"href":"https:\/\/www.datahidrolik.com\/en\/wp-json\/wp\/v2\/types\/page"}],"author":[{"embeddable":true,"href":"https:\/\/www.datahidrolik.com\/en\/wp-json\/wp\/v2\/users\/1"}],"replies":[{"embeddable":true,"href":"https:\/\/www.datahidrolik.com\/en\/wp-json\/wp\/v2\/comments?post=3605"}],"version-history":[{"count":95,"href":"https:\/\/www.datahidrolik.com\/en\/wp-json\/wp\/v2\/pages\/3605\/revisions"}],"predecessor-version":[{"id":8464,"href":"https:\/\/www.datahidrolik.com\/en\/wp-json\/wp\/v2\/pages\/3605\/revisions\/8464"}],"up":[{"embeddable":true,"href":"https:\/\/www.datahidrolik.com\/en\/wp-json\/wp\/v2\/pages\/3587"}],"wp:featuredmedia":[{"embeddable":true,"href":"https:\/\/www.datahidrolik.com\/en\/wp-json\/wp\/v2\/media\/3706"}],"wp:attachment":[{"href":"https:\/\/www.datahidrolik.com\/en\/wp-json\/wp\/v2\/media?parent=3605"}],"curies":[{"name":"wp","href":"https:\/\/api.w.org\/{rel}","templated":true}]}}