{"id":3781,"date":"2025-10-12T23:18:47","date_gmt":"2025-10-12T20:18:47","guid":{"rendered":"https:\/\/www.erkanmutlu.xyz\/?page_id=3781"},"modified":"2026-02-10T09:28:26","modified_gmt":"2026-02-10T06:28:26","slug":"naval-vessels","status":"publish","type":"page","link":"https:\/\/www.datahidrolik.com\/en\/alanlar\/askeri-gemiler\/","title":{"rendered":"Naval Ships"},"content":{"rendered":"<div data-elementor-type=\"wp-page\" data-elementor-id=\"3781\" class=\"elementor elementor-3781\" data-elementor-post-type=\"page\">\n\t\t\t\t<div class=\"elementor-element elementor-element-e1cde17 e-con-full e-flex e-con e-parent\" data-id=\"e1cde17\" data-element_type=\"container\" data-e-type=\"container\" data-settings=\"{&quot;background_background&quot;:&quot;classic&quot;}\">\n\t\t<div class=\"elementor-element elementor-element-e6089e8 e-flex e-con-boxed e-con e-child\" data-id=\"e6089e8\" data-element_type=\"container\" data-e-type=\"container\">\n\t\t\t\t\t<div class=\"e-con-inner\">\n\t\t<div class=\"elementor-element elementor-element-2084ca0 breadcrumbs breadcrumbs--white e-con-full e-flex e-con e-child\" data-id=\"2084ca0\" data-element_type=\"container\" data-e-type=\"container\">\n\t\t\t\t<div class=\"elementor-element elementor-element-a2f1f10 elementor-widget elementor-widget-shortcode\" data-id=\"a2f1f10\" data-element_type=\"widget\" data-e-type=\"widget\" data-widget_type=\"shortcode.default\">\n\t\t\t\t\t\t\t<div class=\"elementor-shortcode\"><nav aria-label=\"breadcrumbs\" class=\"rank-math-breadcrumb\"><p><span class=\"last\">Home<\/span><\/p><\/nav>\n<\/div>\n\t\t\t\t\t\t<\/div>\n\t\t\t\t<div class=\"elementor-element elementor-element-5e9bf6f elementor-widget elementor-widget-text-editor\" data-id=\"5e9bf6f\" data-element_type=\"widget\" data-e-type=\"widget\" data-widget_type=\"text-editor.default\">\n\t\t\t\t\t\t\t\t\t<p><strong>EYDEP-certified expertise for strategic naval requirements.<\/strong><\/p>\n<p>Military projects demand the highest standards of reliability, robustness, and precision control. Our defense industry expertise provides advanced system solutions for navies worldwide. Our reputation for excellence stems from our ability to design, build, and support proven, durable systems tailored to meet the strategic demands of both today and tomorrow. Conducted by the Presidency of Defense Industries\u00a0<strong>EYDEP (Industrial Competency Assessment and Support Program) certificate<\/strong>, is official proof of our competence and quality in this field. Drawing on the experience we&#039;ve gained from numerous military projects both domestically and internationally, we develop systems that deliver full performance even under the most challenging operational conditions.<\/p>\n\t\t\t\t\t\t\t\t<\/div>\n\t\t\t\t<\/div>\n\t\t<div class=\"elementor-element elementor-element-70e0fdc e-con-full e-flex e-con e-child\" data-id=\"70e0fdc\" data-element_type=\"container\" data-e-type=\"container\" data-settings=\"{&quot;background_background&quot;:&quot;classic&quot;}\">\n\t\t\t\t<\/div>\n\t\t<div class=\"elementor-element elementor-element-c8e2859 e-con-full e-flex e-con e-child\" data-id=\"c8e2859\" data-element_type=\"container\" data-e-type=\"container\">\n\t\t<div class=\"elementor-element elementor-element-85247c0 e-con-full breadcrumbs breadcrumbs--navy e-flex e-con e-child\" data-id=\"85247c0\" data-element_type=\"container\" data-e-type=\"container\" data-settings=\"{&quot;background_background&quot;:&quot;classic&quot;}\">\n\t\t\t\t<div class=\"elementor-element elementor-element-696df63 elementor-invisible elementor-widget elementor-widget-heading\" data-id=\"696df63\" data-element_type=\"widget\" data-e-type=\"widget\" data-settings=\"{&quot;_animation&quot;:&quot;fadeInUp&quot;,&quot;_animation_delay&quot;:0.8}\" data-widget_type=\"heading.default\">\n\t\t\t\t\t<h2 class=\"elementor-heading-title elementor-size-default\">Related Product Groups for Naval Ships<\/h2>\t\t\t\t<\/div>\n\t\t<div class=\"elementor-element elementor-element-efe3e5e e-grid e-con-full e-con e-child\" data-id=\"efe3e5e\" data-element_type=\"container\" data-e-type=\"container\">\n\t\t<div data-eael-wrapper-link=\"{&quot;url&quot;:&quot;https:\\\/\\\/www.datahidrolik.com\\\/en\\\/urunler\\\/dumen-sistemleri\\\/&quot;,&quot;is_external&quot;:&quot;&quot;,&quot;nofollow&quot;:&quot;&quot;}\" class=\"eael-non-traditional-link elementor-element elementor-element-60c54c1 e-con-full e-flex e-con e-child\" data-id=\"60c54c1\" data-element_type=\"container\" data-e-type=\"container\">\n\t\t\t\t<div class=\"elementor-element elementor-element-a90a23f elementor-widget elementor-widget-image\" data-id=\"a90a23f\" data-element_type=\"widget\" data-e-type=\"widget\" data-widget_type=\"image.default\">\n\t\t\t\t\t\t\t\t\t\t\t\t\t\t\t<img fetchpriority=\"high\" decoding=\"async\" width=\"800\" height=\"800\" src=\"https:\/\/www.datahidrolik.com\/wp-content\/uploads\/2025\/12\/Data-Cift-Silindirli-Dumen-Sistemi-1024x1024.jpg\" class=\"attachment-large size-large wp-image-6630\" alt=\"\" srcset=\"https:\/\/www.datahidrolik.com\/wp-content\/uploads\/2025\/12\/Data-Cift-Silindirli-Dumen-Sistemi-1024x1024.jpg 1024w, https:\/\/www.datahidrolik.com\/wp-content\/uploads\/2025\/12\/Data-Cift-Silindirli-Dumen-Sistemi-300x300.jpg 300w, https:\/\/www.datahidrolik.com\/wp-content\/uploads\/2025\/12\/Data-Cift-Silindirli-Dumen-Sistemi-150x150.jpg 150w, https:\/\/www.datahidrolik.com\/wp-content\/uploads\/2025\/12\/Data-Cift-Silindirli-Dumen-Sistemi-768x768.jpg 768w, https:\/\/www.datahidrolik.com\/wp-content\/uploads\/2025\/12\/Data-Cift-Silindirli-Dumen-Sistemi-12x12.jpg 12w, https:\/\/www.datahidrolik.com\/wp-content\/uploads\/2025\/12\/Data-Cift-Silindirli-Dumen-Sistemi.jpg 1200w\" sizes=\"(max-width: 800px) 100vw, 800px\" \/>\t\t\t\t\t\t\t\t\t\t\t\t\t\t\t<\/div>\n\t\t<div class=\"elementor-element elementor-element-02df3b9 e-con-full e-flex e-con e-child\" data-id=\"02df3b9\" data-element_type=\"container\" data-e-type=\"container\">\n\t\t\t\t<div class=\"elementor-element elementor-element-4f15a5c elementor-widget elementor-widget-heading\" data-id=\"4f15a5c\" data-element_type=\"widget\" data-e-type=\"widget\" data-widget_type=\"heading.default\">\n\t\t\t\t\t<h3 class=\"elementor-heading-title elementor-size-default\"><div style=\"text-align:center\">\n  Hydraulic Steering<br \/>\n  Systems\n<\/div><\/h3>\t\t\t\t<\/div>\n\t\t\t\t<div class=\"elementor-element elementor-element-1ce63ea elementor-widget elementor-widget-text-editor\" data-id=\"1ce63ea\" data-element_type=\"widget\" data-e-type=\"widget\" data-widget_type=\"text-editor.default\">\n\t\t\t\t\t\t\t\t\t<p>DATA designs and manufactures hydraulic steering systems ranging from 0.5 kN\u00b7m to 600 kN\u00b7m of torque. These systems are used on a wide variety of vessels \u2014 from private and mega yachts to commercial vessels, tugboats, and naval vessels. Each solution is offered as a complete set including cylinders, hand pumps, bridge controls, hydraulic power units (HPU), starter panels, and rudder angle indicators.<\/p>\t\t\t\t\t\t\t\t<\/div>\n\t\t<div class=\"elementor-element elementor-element-71a8be4 e-con-full e-flex e-con e-child\" data-id=\"71a8be4\" data-element_type=\"container\" data-e-type=\"container\">\n\t\t\t\t<div class=\"elementor-element elementor-element-715fbc3 underline-btn elementor-widget elementor-widget-button\" data-id=\"715fbc3\" data-element_type=\"widget\" data-e-type=\"widget\" data-widget_type=\"button.default\">\n\t\t\t\t\t\t\t\t\t\t<a class=\"elementor-button elementor-button-link elementor-size-sm\" href=\"https:\/\/www.datahidrolik.com\/en\/urunler\/dumen-sistemleri\/\">\n\t\t\t\t\t\t<span class=\"elementor-button-content-wrapper\">\n\t\t\t\t\t\t\t\t\t<span class=\"elementor-button-text\">More Information &gt;&gt;<\/span>\n\t\t\t\t\t<\/span>\n\t\t\t\t\t<\/a>\n\t\t\t\t\t\t\t\t<\/div>\n\t\t\t\t<\/div>\n\t\t\t\t<\/div>\n\t\t\t\t<\/div>\n\t\t<div data-eael-wrapper-link=\"{&quot;url&quot;:&quot;https:\\\/\\\/www.datahidrolik.com\\\/en\\\/urunler\\\/irgat-sistemleri\\\/zincir-irgatlari\\\/&quot;,&quot;is_external&quot;:&quot;&quot;,&quot;nofollow&quot;:&quot;&quot;}\" class=\"eael-non-traditional-link elementor-element elementor-element-16ee95f e-con-full e-flex e-con e-child\" data-id=\"16ee95f\" data-element_type=\"container\" data-e-type=\"container\">\n\t\t\t\t<div class=\"elementor-element elementor-element-7239fa1 elementor-widget elementor-widget-image\" data-id=\"7239fa1\" data-element_type=\"widget\" data-e-type=\"widget\" data-widget_type=\"image.default\">\n\t\t\t\t\t\t\t\t\t\t\t\t\t\t\t<img decoding=\"async\" width=\"800\" height=\"800\" src=\"https:\/\/www.datahidrolik.com\/wp-content\/uploads\/2025\/12\/DZC3300.png\" class=\"attachment-large size-large wp-image-6617\" alt=\"\" srcset=\"https:\/\/www.datahidrolik.com\/wp-content\/uploads\/2025\/12\/DZC3300.png 1024w, https:\/\/www.datahidrolik.com\/wp-content\/uploads\/2025\/12\/DZC3300-300x300.png 300w, https:\/\/www.datahidrolik.com\/wp-content\/uploads\/2025\/12\/DZC3300-150x150.png 150w, https:\/\/www.datahidrolik.com\/wp-content\/uploads\/2025\/12\/DZC3300-768x768.png 768w, https:\/\/www.datahidrolik.com\/wp-content\/uploads\/2025\/12\/DZC3300-12x12.png 12w\" sizes=\"(max-width: 800px) 100vw, 800px\" \/>\t\t\t\t\t\t\t\t\t\t\t\t\t\t\t<\/div>\n\t\t<div class=\"elementor-element elementor-element-d2c8c56 e-con-full e-flex e-con e-child\" data-id=\"d2c8c56\" data-element_type=\"container\" data-e-type=\"container\">\n\t\t\t\t<div class=\"elementor-element elementor-element-832c8e4 elementor-widget elementor-widget-heading\" data-id=\"832c8e4\" data-element_type=\"widget\" data-e-type=\"widget\" data-widget_type=\"heading.default\">\n\t\t\t\t\t<h3 class=\"elementor-heading-title elementor-size-default\">Anchor Windlasses<\/h3>\t\t\t\t<\/div>\n\t\t\t\t<div class=\"elementor-element elementor-element-a00c35e elementor-widget elementor-widget-text-editor\" data-id=\"a00c35e\" data-element_type=\"widget\" data-e-type=\"widget\" data-widget_type=\"text-editor.default\">\n\t\t\t\t\t\t\t\t\t<p>Anchor windlasses are essential deck machinery designed to ensure safe anchoring and precise chain handling. DATA offers both horizontal and vertical windlass types, providing high-performance, customized solutions for commercial vessels, tugboats, and yachts of all tonnages.<\/p>\t\t\t\t\t\t\t\t<\/div>\n\t\t<div class=\"elementor-element elementor-element-47ae1cc e-con-full e-flex e-con e-child\" data-id=\"47ae1cc\" data-element_type=\"container\" data-e-type=\"container\">\n\t\t\t\t<div class=\"elementor-element elementor-element-7897033 underline-btn elementor-widget elementor-widget-button\" data-id=\"7897033\" data-element_type=\"widget\" data-e-type=\"widget\" data-widget_type=\"button.default\">\n\t\t\t\t\t\t\t\t\t\t<a class=\"elementor-button elementor-button-link elementor-size-sm\" href=\"https:\/\/www.datahidrolik.com\/en\/urunler\/irgat-sistemleri\/zincir-irgatlari\/\">\n\t\t\t\t\t\t<span class=\"elementor-button-content-wrapper\">\n\t\t\t\t\t\t\t\t\t<span class=\"elementor-button-text\">More Information &gt;&gt;<\/span>\n\t\t\t\t\t<\/span>\n\t\t\t\t\t<\/a>\n\t\t\t\t\t\t\t\t<\/div>\n\t\t\t\t<\/div>\n\t\t\t\t<\/div>\n\t\t\t\t<\/div>\n\t\t<div data-eael-wrapper-link=\"{&quot;url&quot;:&quot;https:\\\/\\\/www.datahidrolik.com\\\/en\\\/urunler\\\/irgat-sistemleri\\\/manevra-irgatlari\\\/&quot;,&quot;is_external&quot;:&quot;&quot;,&quot;nofollow&quot;:&quot;&quot;}\" class=\"eael-non-traditional-link elementor-element elementor-element-8a1f536 e-con-full e-flex e-con e-child\" data-id=\"8a1f536\" data-element_type=\"container\" data-e-type=\"container\">\n\t\t\t\t<div class=\"elementor-element elementor-element-e645315 elementor-widget elementor-widget-image\" data-id=\"e645315\" data-element_type=\"widget\" data-e-type=\"widget\" data-widget_type=\"image.default\">\n\t\t\t\t\t\t\t\t\t\t\t\t\t\t\t<img decoding=\"async\" width=\"800\" height=\"800\" src=\"https:\/\/www.datahidrolik.com\/wp-content\/uploads\/2025\/12\/DHC-4500.png\" class=\"attachment-large size-large wp-image-6618\" alt=\"\" srcset=\"https:\/\/www.datahidrolik.com\/wp-content\/uploads\/2025\/12\/DHC-4500.png 1024w, https:\/\/www.datahidrolik.com\/wp-content\/uploads\/2025\/12\/DHC-4500-300x300.png 300w, https:\/\/www.datahidrolik.com\/wp-content\/uploads\/2025\/12\/DHC-4500-150x150.png 150w, https:\/\/www.datahidrolik.com\/wp-content\/uploads\/2025\/12\/DHC-4500-768x768.png 768w, https:\/\/www.datahidrolik.com\/wp-content\/uploads\/2025\/12\/DHC-4500-12x12.png 12w\" sizes=\"(max-width: 800px) 100vw, 800px\" \/>\t\t\t\t\t\t\t\t\t\t\t\t\t\t\t<\/div>\n\t\t<div class=\"elementor-element elementor-element-90bc8df e-con-full e-flex e-con e-child\" data-id=\"90bc8df\" data-element_type=\"container\" data-e-type=\"container\">\n\t\t\t\t<div class=\"elementor-element elementor-element-f564dd0 elementor-widget elementor-widget-heading\" data-id=\"f564dd0\" data-element_type=\"widget\" data-e-type=\"widget\" data-widget_type=\"heading.default\">\n\t\t\t\t\t<h3 class=\"elementor-heading-title elementor-size-default\">Mooring Capstans <\/h3>\t\t\t\t<\/div>\n\t\t\t\t<div class=\"elementor-element elementor-element-c1f6314 elementor-widget elementor-widget-text-editor\" data-id=\"c1f6314\" data-element_type=\"widget\" data-e-type=\"widget\" data-widget_type=\"text-editor.default\">\n\t\t\t\t\t\t\t\t\t<p>Mooring Capstans are powerful hauling systems designed to ensure the safe winding of ropes and chains on board vessels.\nData Hidrolik offers mooring capstans with various pulling capacities ranging from 500 kg to 15,000 kg.\nThanks to the design in which the gearbox and motor are positioned below the deck, an aesthetic and flush deck surface is achieved.<\/p>\t\t\t\t\t\t\t\t<\/div>\n\t\t<div class=\"elementor-element elementor-element-3ce1741 e-con-full e-flex e-con e-child\" data-id=\"3ce1741\" data-element_type=\"container\" data-e-type=\"container\">\n\t\t\t\t<div data-eael-wrapper-link=\"{&quot;url&quot;:&quot;https:\\\/\\\/www.datahidrolik.com\\\/en\\\/urunler\\\/irgat-sistemleri\\\/manevra-irgatlari\\\/&quot;,&quot;is_external&quot;:&quot;&quot;,&quot;nofollow&quot;:&quot;&quot;}\" class=\"eael-non-traditional-link elementor-element elementor-element-7176731 underline-btn elementor-widget elementor-widget-button\" data-id=\"7176731\" data-element_type=\"widget\" data-e-type=\"widget\" data-widget_type=\"button.default\">\n\t\t\t\t\t\t\t\t\t\t<a class=\"elementor-button elementor-button-link elementor-size-sm\" href=\"https:\/\/www.datahidrolik.com\/en\/urunler\/irgat-sistemleri\/manevra-irgatlari\/\">\n\t\t\t\t\t\t<span class=\"elementor-button-content-wrapper\">\n\t\t\t\t\t\t\t\t\t<span class=\"elementor-button-text\">More Information &gt;&gt;<\/span>\n\t\t\t\t\t<\/span>\n\t\t\t\t\t<\/a>\n\t\t\t\t\t\t\t\t<\/div>\n\t\t\t\t<\/div>\n\t\t\t\t<\/div>\n\t\t\t\t<\/div>\n\t\t<div data-eael-wrapper-link=\"{&quot;url&quot;:&quot;\\\/urunler\\\/ozel-urunler\\\/#gaz-turbini&quot;,&quot;is_external&quot;:&quot;&quot;,&quot;nofollow&quot;:&quot;&quot;}\" class=\"eael-non-traditional-link elementor-element elementor-element-b78888c e-con-full e-flex e-con e-child\" data-id=\"b78888c\" data-element_type=\"container\" data-e-type=\"container\">\n\t\t\t\t<div class=\"elementor-element elementor-element-5b15e33 elementor-widget elementor-widget-image\" data-id=\"5b15e33\" data-element_type=\"widget\" data-e-type=\"widget\" data-widget_type=\"image.default\">\n\t\t\t\t\t\t\t\t\t\t\t\t\t\t\t<img loading=\"lazy\" decoding=\"async\" width=\"800\" height=\"800\" src=\"https:\/\/www.datahidrolik.com\/wp-content\/uploads\/2025\/12\/Gaz-Turbini.jpg\" class=\"attachment-large size-large wp-image-6880\" alt=\"\" srcset=\"https:\/\/www.datahidrolik.com\/wp-content\/uploads\/2025\/12\/Gaz-Turbini.jpg 1024w, https:\/\/www.datahidrolik.com\/wp-content\/uploads\/2025\/12\/Gaz-Turbini-300x300.jpg 300w, https:\/\/www.datahidrolik.com\/wp-content\/uploads\/2025\/12\/Gaz-Turbini-150x150.jpg 150w, https:\/\/www.datahidrolik.com\/wp-content\/uploads\/2025\/12\/Gaz-Turbini-768x768.jpg 768w, https:\/\/www.datahidrolik.com\/wp-content\/uploads\/2025\/12\/Gaz-Turbini-12x12.jpg 12w\" sizes=\"(max-width: 800px) 100vw, 800px\" \/>\t\t\t\t\t\t\t\t\t\t\t\t\t\t\t<\/div>\n\t\t<div class=\"elementor-element elementor-element-06cfe7d e-con-full e-flex e-con e-child\" data-id=\"06cfe7d\" data-element_type=\"container\" data-e-type=\"container\">\n\t\t\t\t<div class=\"elementor-element elementor-element-c64a453 elementor-widget elementor-widget-heading\" data-id=\"c64a453\" data-element_type=\"widget\" data-e-type=\"widget\" data-widget_type=\"heading.default\">\n\t\t\t\t\t<h3 class=\"elementor-heading-title elementor-size-default\">Gas Turbine Hydraulic Start Unit<\/h3>\t\t\t\t<\/div>\n\t\t\t\t<div class=\"elementor-element elementor-element-61f0fb4 elementor-widget elementor-widget-text-editor\" data-id=\"61f0fb4\" data-element_type=\"widget\" data-e-type=\"widget\" data-widget_type=\"text-editor.default\">\n\t\t\t\t\t\t\t\t\t<p>DATA manufactures project-specific GT Hydraulic Start Units that are of critical importance for the defense industry.<\/p>\t\t\t\t\t\t\t\t<\/div>\n\t\t<div class=\"elementor-element elementor-element-a71c080 e-con-full e-flex e-con e-child\" data-id=\"a71c080\" data-element_type=\"container\" data-e-type=\"container\">\n\t\t\t\t<div class=\"elementor-element elementor-element-fc320a7 underline-btn elementor-widget elementor-widget-button\" data-id=\"fc320a7\" data-element_type=\"widget\" data-e-type=\"widget\" data-widget_type=\"button.default\">\n\t\t\t\t\t\t\t\t\t\t<a class=\"elementor-button elementor-button-link elementor-size-sm\" href=\"\/en\/products\/custom-products\/#gaz-turbini\">\n\t\t\t\t\t\t<span class=\"elementor-button-content-wrapper\">\n\t\t\t\t\t\t\t\t\t<span class=\"elementor-button-text\">More Information &gt;&gt;<\/span>\n\t\t\t\t\t<\/span>\n\t\t\t\t\t<\/a>\n\t\t\t\t\t\t\t\t<\/div>\n\t\t\t\t<\/div>\n\t\t\t\t<\/div>\n\t\t\t\t<\/div>\n\t\t<div data-eael-wrapper-link=\"{&quot;url&quot;:&quot;\\\/urunler\\\/ozel-urunler\\\/#gaz-turbini&quot;,&quot;is_external&quot;:&quot;&quot;,&quot;nofollow&quot;:&quot;&quot;}\" class=\"eael-non-traditional-link elementor-element elementor-element-e022142 e-con-full e-flex e-con e-child\" data-id=\"e022142\" data-element_type=\"container\" data-e-type=\"container\">\n\t\t\t\t<div class=\"elementor-element elementor-element-ddd49ce elementor-widget elementor-widget-image\" data-id=\"ddd49ce\" data-element_type=\"widget\" data-e-type=\"widget\" data-widget_type=\"image.default\">\n\t\t\t\t\t\t\t\t\t\t\t\t\t\t\t<img loading=\"lazy\" decoding=\"async\" width=\"800\" height=\"800\" src=\"https:\/\/www.datahidrolik.com\/wp-content\/uploads\/2025\/12\/TEELSKOPIK-DUBA-2.jpg\" class=\"attachment-large size-large wp-image-6881\" alt=\"\" srcset=\"https:\/\/www.datahidrolik.com\/wp-content\/uploads\/2025\/12\/TEELSKOPIK-DUBA-2.jpg 1024w, https:\/\/www.datahidrolik.com\/wp-content\/uploads\/2025\/12\/TEELSKOPIK-DUBA-2-300x300.jpg 300w, https:\/\/www.datahidrolik.com\/wp-content\/uploads\/2025\/12\/TEELSKOPIK-DUBA-2-150x150.jpg 150w, https:\/\/www.datahidrolik.com\/wp-content\/uploads\/2025\/12\/TEELSKOPIK-DUBA-2-768x768.jpg 768w, https:\/\/www.datahidrolik.com\/wp-content\/uploads\/2025\/12\/TEELSKOPIK-DUBA-2-12x12.jpg 12w\" sizes=\"(max-width: 800px) 100vw, 800px\" \/>\t\t\t\t\t\t\t\t\t\t\t\t\t\t\t<\/div>\n\t\t<div class=\"elementor-element elementor-element-00984e7 e-con-full e-flex e-con e-child\" data-id=\"00984e7\" data-element_type=\"container\" data-e-type=\"container\">\n\t\t\t\t<div class=\"elementor-element elementor-element-011b41b elementor-widget elementor-widget-heading\" data-id=\"011b41b\" data-element_type=\"widget\" data-e-type=\"widget\" data-widget_type=\"heading.default\">\n\t\t\t\t\t<h3 class=\"elementor-heading-title elementor-size-default\">Telescopic Bollard<\/h3>\t\t\t\t<\/div>\n\t\t\t\t<div class=\"elementor-element elementor-element-1523022 elementor-widget elementor-widget-text-editor\" data-id=\"1523022\" data-element_type=\"widget\" data-e-type=\"widget\" data-widget_type=\"text-editor.default\">\n\t\t\t\t\t\t\t\t\t<p>DATA Telescopic Bollards are specially designed for vessel mooring operations and, with their project-specific design, provide low maintenance requirements and allow effective deck water drainage on marine platforms.<\/p>\t\t\t\t\t\t\t\t<\/div>\n\t\t<div class=\"elementor-element elementor-element-b7f4bb4 e-con-full e-flex e-con e-child\" data-id=\"b7f4bb4\" data-element_type=\"container\" data-e-type=\"container\">\n\t\t\t\t<div class=\"elementor-element elementor-element-ea2a0a9 underline-btn elementor-widget elementor-widget-button\" data-id=\"ea2a0a9\" data-element_type=\"widget\" data-e-type=\"widget\" data-widget_type=\"button.default\">\n\t\t\t\t\t\t\t\t\t\t<a class=\"elementor-button elementor-button-link elementor-size-sm\" href=\"\/en\/products\/custom-products\/#gaz-turbini\">\n\t\t\t\t\t\t<span class=\"elementor-button-content-wrapper\">\n\t\t\t\t\t\t\t\t\t<span class=\"elementor-button-text\">More Information &gt;&gt;<\/span>\n\t\t\t\t\t<\/span>\n\t\t\t\t\t<\/a>\n\t\t\t\t\t\t\t\t<\/div>\n\t\t\t\t<\/div>\n\t\t\t\t<\/div>\n\t\t\t\t<\/div>\n\t\t\t\t<\/div>\n\t\t\t\t<\/div>\n\t\t\t\t<\/div>\n\t\t\t\t\t<\/div>\n\t\t\t\t<\/div>\n\t\t\t\t<\/div>\n\t\t\t\t<\/div>","protected":false},"excerpt":{"rendered":"<p>Askeri Gemiler \u0130\u00e7in \u0130lgili \u00dcr\u00fcn Gruplar\u0131 D\u00fcmen Sistemleri Data Hidrolik, 0.5 kN\u00b7m\u2019den 600 kN\u00b7m\u2019ye kadar farkl\u0131 tork de\u011ferlerinde hidrolik d\u00fcmen sistemleri tasarlay\u0131p \u00fcretir. Sistemler; \u00f6zel ve mega yatlardan ticari gemi, r\u00f6mork\u00f6r ve askeri gemilere kadar geni\u015f bir yelpazede kullan\u0131l\u0131r. Her \u00e7\u00f6z\u00fcm, silindir, el pompas\u0131, k\u00f6pr\u00fc kontrol\u00fc, HPU, starter panosu ve a\u00e7\u0131 g\u00f6stergeleriyle eksiksiz bir set [&hellip;]<\/p>\n","protected":false},"author":1,"featured_media":2832,"parent":3587,"menu_order":0,"comment_status":"closed","ping_status":"closed","template":"","meta":{"_acf_changed":false,"footnotes":""},"class_list":["post-3781","page","type-page","status-publish","has-post-thumbnail","hentry"],"acf":[],"_links":{"self":[{"href":"https:\/\/www.datahidrolik.com\/en\/wp-json\/wp\/v2\/pages\/3781","targetHints":{"allow":["GET"]}}],"collection":[{"href":"https:\/\/www.datahidrolik.com\/en\/wp-json\/wp\/v2\/pages"}],"about":[{"href":"https:\/\/www.datahidrolik.com\/en\/wp-json\/wp\/v2\/types\/page"}],"author":[{"embeddable":true,"href":"https:\/\/www.datahidrolik.com\/en\/wp-json\/wp\/v2\/users\/1"}],"replies":[{"embeddable":true,"href":"https:\/\/www.datahidrolik.com\/en\/wp-json\/wp\/v2\/comments?post=3781"}],"version-history":[{"count":41,"href":"https:\/\/www.datahidrolik.com\/en\/wp-json\/wp\/v2\/pages\/3781\/revisions"}],"predecessor-version":[{"id":8449,"href":"https:\/\/www.datahidrolik.com\/en\/wp-json\/wp\/v2\/pages\/3781\/revisions\/8449"}],"up":[{"embeddable":true,"href":"https:\/\/www.datahidrolik.com\/en\/wp-json\/wp\/v2\/pages\/3587"}],"wp:featuredmedia":[{"embeddable":true,"href":"https:\/\/www.datahidrolik.com\/en\/wp-json\/wp\/v2\/media\/2832"}],"wp:attachment":[{"href":"https:\/\/www.datahidrolik.com\/en\/wp-json\/wp\/v2\/media?parent=3781"}],"curies":[{"name":"wp","href":"https:\/\/api.w.org\/{rel}","templated":true}]}}