{"id":3787,"date":"2025-10-12T23:22:03","date_gmt":"2025-10-12T20:22:03","guid":{"rendered":"https:\/\/www.erkanmutlu.xyz\/?page_id=3787"},"modified":"2026-02-10T09:36:38","modified_gmt":"2026-02-10T06:36:38","slug":"yachts-and-mega-yachts","status":"publish","type":"page","link":"https:\/\/www.datahidrolik.com\/en\/alanlar\/yatlar-ve-mega-yatlar\/","title":{"rendered":"Yachts and Mega Yachts"},"content":{"rendered":"<div data-elementor-type=\"wp-page\" data-elementor-id=\"3787\" class=\"elementor elementor-3787\" data-elementor-post-type=\"page\">\n\t\t\t\t<div class=\"elementor-element elementor-element-e1cde17 e-con-full e-flex e-con e-parent\" data-id=\"e1cde17\" data-element_type=\"container\" data-e-type=\"container\" data-settings=\"{&quot;background_background&quot;:&quot;classic&quot;}\">\n\t\t<div class=\"elementor-element elementor-element-e6089e8 e-flex e-con-boxed e-con e-child\" data-id=\"e6089e8\" data-element_type=\"container\" data-e-type=\"container\">\n\t\t\t\t\t<div class=\"e-con-inner\">\n\t\t<div class=\"elementor-element elementor-element-2084ca0 breadcrumbs breadcrumbs--white e-con-full e-flex e-con e-child\" data-id=\"2084ca0\" data-element_type=\"container\" data-e-type=\"container\">\n\t\t\t\t<div class=\"elementor-element elementor-element-a2f1f10 elementor-widget elementor-widget-shortcode\" data-id=\"a2f1f10\" data-element_type=\"widget\" data-e-type=\"widget\" data-widget_type=\"shortcode.default\">\n\t\t\t\t\t\t\t<div class=\"elementor-shortcode\"><nav aria-label=\"breadcrumbs\" class=\"rank-math-breadcrumb\"><p><span class=\"last\">Home<\/span><\/p><\/nav>\n<\/div>\n\t\t\t\t\t\t<\/div>\n\t\t\t\t<div class=\"elementor-element elementor-element-5e9bf6f elementor-widget elementor-widget-text-editor\" data-id=\"5e9bf6f\" data-element_type=\"widget\" data-e-type=\"widget\" data-widget_type=\"text-editor.default\">\n\t\t\t\t\t\t\t\t\t<p><strong>The combination of unlimited luxury and superior performance.<\/strong><\/p>\n<p>The yacht and mega yacht industry brings together aesthetics, luxury, and exceptional performance. DATA delivers custom-designed hydraulic systems that meet these expectations \u2014 systems that complement the vessel\u2019s aesthetics while ensuring the quietest and most efficient operation. Recognizing that every project is unique, we provide bespoke solutions tailored to each client\u2019s vision, maintaining the highest standards of quality and performance.<\/p>\n\t\t\t\t\t\t\t\t<\/div>\n\t\t\t\t<\/div>\n\t\t<div class=\"elementor-element elementor-element-70e0fdc e-con-full e-flex e-con e-child\" data-id=\"70e0fdc\" data-element_type=\"container\" data-e-type=\"container\" data-settings=\"{&quot;background_background&quot;:&quot;classic&quot;}\">\n\t\t\t\t<\/div>\n\t\t<div class=\"elementor-element elementor-element-c8e2859 e-con-full e-flex e-con e-child\" data-id=\"c8e2859\" data-element_type=\"container\" data-e-type=\"container\">\n\t\t<div class=\"elementor-element elementor-element-85247c0 e-con-full breadcrumbs breadcrumbs--navy e-flex e-con e-child\" data-id=\"85247c0\" data-element_type=\"container\" data-e-type=\"container\" data-settings=\"{&quot;background_background&quot;:&quot;classic&quot;}\">\n\t\t\t\t<div class=\"elementor-element elementor-element-696df63 elementor-invisible elementor-widget elementor-widget-heading\" data-id=\"696df63\" data-element_type=\"widget\" data-e-type=\"widget\" data-settings=\"{&quot;_animation&quot;:&quot;fadeInUp&quot;,&quot;_animation_delay&quot;:0.8}\" data-widget_type=\"heading.default\">\n\t\t\t\t\t<h2 class=\"elementor-heading-title elementor-size-default\">Related Product Groups for Yachts and Mega Yachts<\/h2>\t\t\t\t<\/div>\n\t\t<div class=\"elementor-element elementor-element-efe3e5e e-grid e-con-full e-con e-child\" data-id=\"efe3e5e\" data-element_type=\"container\" data-e-type=\"container\">\n\t\t<div data-eael-wrapper-link=\"{&quot;url&quot;:&quot;https:\\\/\\\/www.datahidrolik.com\\\/en\\\/urunler\\\/dumen-sistemleri\\\/&quot;,&quot;is_external&quot;:&quot;&quot;,&quot;nofollow&quot;:&quot;&quot;}\" class=\"eael-non-traditional-link elementor-element elementor-element-52c2518 e-con-full e-flex e-con e-child\" data-id=\"52c2518\" data-element_type=\"container\" data-e-type=\"container\">\n\t\t\t\t<div class=\"elementor-element elementor-element-61e0685 elementor-widget elementor-widget-image\" data-id=\"61e0685\" data-element_type=\"widget\" data-e-type=\"widget\" data-widget_type=\"image.default\">\n\t\t\t\t\t\t\t\t\t\t\t\t\t\t\t<img fetchpriority=\"high\" decoding=\"async\" width=\"800\" height=\"800\" src=\"https:\/\/www.datahidrolik.com\/wp-content\/uploads\/2025\/12\/DDM-2000.jpeg\" class=\"attachment-large size-large wp-image-7032\" alt=\"\" srcset=\"https:\/\/www.datahidrolik.com\/wp-content\/uploads\/2025\/12\/DDM-2000.jpeg 1024w, https:\/\/www.datahidrolik.com\/wp-content\/uploads\/2025\/12\/DDM-2000-300x300.jpeg 300w, https:\/\/www.datahidrolik.com\/wp-content\/uploads\/2025\/12\/DDM-2000-150x150.jpeg 150w, https:\/\/www.datahidrolik.com\/wp-content\/uploads\/2025\/12\/DDM-2000-768x768.jpeg 768w, https:\/\/www.datahidrolik.com\/wp-content\/uploads\/2025\/12\/DDM-2000-12x12.jpeg 12w\" sizes=\"(max-width: 800px) 100vw, 800px\" \/>\t\t\t\t\t\t\t\t\t\t\t\t\t\t\t<\/div>\n\t\t<div class=\"elementor-element elementor-element-aa692d3 e-con-full e-flex e-con e-child\" data-id=\"aa692d3\" data-element_type=\"container\" data-e-type=\"container\">\n\t\t\t\t<div class=\"elementor-element elementor-element-25b4f9d elementor-widget elementor-widget-heading\" data-id=\"25b4f9d\" data-element_type=\"widget\" data-e-type=\"widget\" data-widget_type=\"heading.default\">\n\t\t\t\t\t<h3 class=\"elementor-heading-title elementor-size-default\"><div style=\"text-align:center\">\n  Hydraulic Steering<br \/>\n  Systems\n<\/div><\/h3>\t\t\t\t<\/div>\n\t\t\t\t<div class=\"elementor-element elementor-element-a12a5a5 elementor-widget elementor-widget-text-editor\" data-id=\"a12a5a5\" data-element_type=\"widget\" data-e-type=\"widget\" data-widget_type=\"text-editor.default\">\n\t\t\t\t\t\t\t\t\t<p>DATA designs and manufactures hydraulic steering systems ranging from 0.5 kN\u00b7m to 600 kN\u00b7m of torque. These systems are used on a wide variety of vessels \u2014 from private and mega yachts to commercial vessels, tugboats, and naval vessels. Each solution is offered as a complete set including cylinders, hand pumps, bridge controls, hydraulic power units (HPU), starter panels, and rudder angle indicators.<\/p>\t\t\t\t\t\t\t\t<\/div>\n\t\t<div class=\"elementor-element elementor-element-0783830 e-con-full e-flex e-con e-child\" data-id=\"0783830\" data-element_type=\"container\" data-e-type=\"container\">\n\t\t\t\t<div class=\"elementor-element elementor-element-95bd526 underline-btn elementor-widget elementor-widget-button\" data-id=\"95bd526\" data-element_type=\"widget\" data-e-type=\"widget\" data-widget_type=\"button.default\">\n\t\t\t\t\t\t\t\t\t\t<a class=\"elementor-button elementor-button-link elementor-size-sm\" href=\"https:\/\/www.datahidrolik.com\/en\/urunler\/dumen-sistemleri\/\">\n\t\t\t\t\t\t<span class=\"elementor-button-content-wrapper\">\n\t\t\t\t\t\t\t\t\t<span class=\"elementor-button-text\">More Information &gt;&gt;<\/span>\n\t\t\t\t\t<\/span>\n\t\t\t\t\t<\/a>\n\t\t\t\t\t\t\t\t<\/div>\n\t\t\t\t<\/div>\n\t\t\t\t<\/div>\n\t\t\t\t<\/div>\n\t\t<div data-eael-wrapper-link=\"{&quot;url&quot;:&quot;https:\\\/\\\/www.datahidrolik.com\\\/en\\\/urunler\\\/irgat-sistemleri\\\/zincir-irgatlari\\\/&quot;,&quot;is_external&quot;:&quot;&quot;,&quot;nofollow&quot;:&quot;&quot;}\" class=\"eael-non-traditional-link elementor-element elementor-element-504afc3 e-con-full e-flex e-con e-child\" data-id=\"504afc3\" data-element_type=\"container\" data-e-type=\"container\">\n\t\t\t\t<div class=\"elementor-element elementor-element-c56e41f elementor-widget elementor-widget-image\" data-id=\"c56e41f\" data-element_type=\"widget\" data-e-type=\"widget\" data-widget_type=\"image.default\">\n\t\t\t\t\t\t\t\t\t\t\t\t\t\t\t<img decoding=\"async\" width=\"800\" height=\"800\" src=\"https:\/\/www.datahidrolik.com\/wp-content\/uploads\/2025\/12\/DZC3300.png\" class=\"attachment-large size-large wp-image-6617\" alt=\"\" srcset=\"https:\/\/www.datahidrolik.com\/wp-content\/uploads\/2025\/12\/DZC3300.png 1024w, https:\/\/www.datahidrolik.com\/wp-content\/uploads\/2025\/12\/DZC3300-300x300.png 300w, https:\/\/www.datahidrolik.com\/wp-content\/uploads\/2025\/12\/DZC3300-150x150.png 150w, https:\/\/www.datahidrolik.com\/wp-content\/uploads\/2025\/12\/DZC3300-768x768.png 768w, https:\/\/www.datahidrolik.com\/wp-content\/uploads\/2025\/12\/DZC3300-12x12.png 12w\" sizes=\"(max-width: 800px) 100vw, 800px\" \/>\t\t\t\t\t\t\t\t\t\t\t\t\t\t\t<\/div>\n\t\t<div class=\"elementor-element elementor-element-a6a72e6 e-con-full e-flex e-con e-child\" data-id=\"a6a72e6\" data-element_type=\"container\" data-e-type=\"container\">\n\t\t\t\t<div class=\"elementor-element elementor-element-ab18e39 elementor-widget elementor-widget-heading\" data-id=\"ab18e39\" data-element_type=\"widget\" data-e-type=\"widget\" data-widget_type=\"heading.default\">\n\t\t\t\t\t<h3 class=\"elementor-heading-title elementor-size-default\">Anchor Windlasses<\/h3>\t\t\t\t<\/div>\n\t\t\t\t<div class=\"elementor-element elementor-element-a7b8f35 elementor-widget elementor-widget-text-editor\" data-id=\"a7b8f35\" data-element_type=\"widget\" data-e-type=\"widget\" data-widget_type=\"text-editor.default\">\n\t\t\t\t\t\t\t\t\t<p>Anchor windlasses are essential deck machinery designed to ensure safe anchoring and precise chain handling. DATA offers both horizontal and vertical windlass types, providing high-performance, customized solutions for commercial vessels, tugboats, and yachts of all tonnages.<\/p>\t\t\t\t\t\t\t\t<\/div>\n\t\t<div class=\"elementor-element elementor-element-24c9625 e-con-full e-flex e-con e-child\" data-id=\"24c9625\" data-element_type=\"container\" data-e-type=\"container\">\n\t\t\t\t<div class=\"elementor-element elementor-element-01a51d0 underline-btn elementor-widget elementor-widget-button\" data-id=\"01a51d0\" data-element_type=\"widget\" data-e-type=\"widget\" data-widget_type=\"button.default\">\n\t\t\t\t\t\t\t\t\t\t<a class=\"elementor-button elementor-button-link elementor-size-sm\" href=\"https:\/\/www.datahidrolik.com\/en\/urunler\/irgat-sistemleri\/zincir-irgatlari\/\">\n\t\t\t\t\t\t<span class=\"elementor-button-content-wrapper\">\n\t\t\t\t\t\t\t\t\t<span class=\"elementor-button-text\">More Information &gt;&gt;<\/span>\n\t\t\t\t\t<\/span>\n\t\t\t\t\t<\/a>\n\t\t\t\t\t\t\t\t<\/div>\n\t\t\t\t<\/div>\n\t\t\t\t<\/div>\n\t\t\t\t<\/div>\n\t\t<div data-eael-wrapper-link=\"{&quot;url&quot;:&quot;https:\\\/\\\/www.datahidrolik.com\\\/en\\\/urunler\\\/irgat-sistemleri\\\/manevra-irgatlari\\\/&quot;,&quot;is_external&quot;:&quot;&quot;,&quot;nofollow&quot;:&quot;&quot;}\" class=\"eael-non-traditional-link elementor-element elementor-element-07a03ae e-con-full e-flex e-con e-child\" data-id=\"07a03ae\" data-element_type=\"container\" data-e-type=\"container\">\n\t\t\t\t<div class=\"elementor-element elementor-element-3ef8c9e elementor-widget elementor-widget-image\" data-id=\"3ef8c9e\" data-element_type=\"widget\" data-e-type=\"widget\" data-widget_type=\"image.default\">\n\t\t\t\t\t\t\t\t\t\t\t\t\t\t\t<img decoding=\"async\" width=\"800\" height=\"800\" src=\"https:\/\/www.datahidrolik.com\/wp-content\/uploads\/2025\/12\/DHC-1000-EKr.jpeg\" class=\"attachment-large size-large wp-image-6984\" alt=\"\" srcset=\"https:\/\/www.datahidrolik.com\/wp-content\/uploads\/2025\/12\/DHC-1000-EKr.jpeg 1024w, https:\/\/www.datahidrolik.com\/wp-content\/uploads\/2025\/12\/DHC-1000-EKr-300x300.jpeg 300w, https:\/\/www.datahidrolik.com\/wp-content\/uploads\/2025\/12\/DHC-1000-EKr-150x150.jpeg 150w, https:\/\/www.datahidrolik.com\/wp-content\/uploads\/2025\/12\/DHC-1000-EKr-768x768.jpeg 768w, https:\/\/www.datahidrolik.com\/wp-content\/uploads\/2025\/12\/DHC-1000-EKr-12x12.jpeg 12w\" sizes=\"(max-width: 800px) 100vw, 800px\" \/>\t\t\t\t\t\t\t\t\t\t\t\t\t\t\t<\/div>\n\t\t<div class=\"elementor-element elementor-element-3ad1860 e-con-full e-flex e-con e-child\" data-id=\"3ad1860\" data-element_type=\"container\" data-e-type=\"container\">\n\t\t\t\t<div class=\"elementor-element elementor-element-6ebd2ad elementor-widget elementor-widget-heading\" data-id=\"6ebd2ad\" data-element_type=\"widget\" data-e-type=\"widget\" data-widget_type=\"heading.default\">\n\t\t\t\t\t<h3 class=\"elementor-heading-title elementor-size-default\">Mooring Capstans <\/h3>\t\t\t\t<\/div>\n\t\t\t\t<div class=\"elementor-element elementor-element-395192d elementor-widget elementor-widget-text-editor\" data-id=\"395192d\" data-element_type=\"widget\" data-e-type=\"widget\" data-widget_type=\"text-editor.default\">\n\t\t\t\t\t\t\t\t\t<p>Mooring Capstans are powerful hauling systems designed to ensure the safe winding of ropes and chains on board vessels.\nData Hidrolik offers mooring capstans with various pulling capacities ranging from 500 kg to 15,000 kg.\nThanks to the design in which the gearbox and motor are positioned below the deck, an aesthetic and flush deck surface is achieved.<\/p>\t\t\t\t\t\t\t\t<\/div>\n\t\t<div class=\"elementor-element elementor-element-eb846f7 e-con-full e-flex e-con e-child\" data-id=\"eb846f7\" data-element_type=\"container\" data-e-type=\"container\">\n\t\t\t\t<div data-eael-wrapper-link=\"{&quot;url&quot;:&quot;https:\\\/\\\/www.datahidrolik.com\\\/en\\\/urunler\\\/irgat-sistemleri\\\/manevra-irgatlari\\\/&quot;,&quot;is_external&quot;:&quot;&quot;,&quot;nofollow&quot;:&quot;&quot;}\" class=\"eael-non-traditional-link elementor-element elementor-element-5917cd1 underline-btn elementor-widget elementor-widget-button\" data-id=\"5917cd1\" data-element_type=\"widget\" data-e-type=\"widget\" data-widget_type=\"button.default\">\n\t\t\t\t\t\t\t\t\t\t<a class=\"elementor-button elementor-button-link elementor-size-sm\" href=\"https:\/\/www.datahidrolik.com\/en\/urunler\/irgat-sistemleri\/manevra-irgatlari\/\">\n\t\t\t\t\t\t<span class=\"elementor-button-content-wrapper\">\n\t\t\t\t\t\t\t\t\t<span class=\"elementor-button-text\">More Information &gt;&gt;<\/span>\n\t\t\t\t\t<\/span>\n\t\t\t\t\t<\/a>\n\t\t\t\t\t\t\t\t<\/div>\n\t\t\t\t<\/div>\n\t\t\t\t<\/div>\n\t\t\t\t<\/div>\n\t\t<div data-eael-wrapper-link=\"{&quot;url&quot;:&quot;https:\\\/\\\/www.datahidrolik.com\\\/en\\\/urunler\\\/irgat-sistemleri\\\/zincir-ucu-tutucular\\\/&quot;,&quot;is_external&quot;:&quot;&quot;,&quot;nofollow&quot;:&quot;&quot;}\" class=\"eael-non-traditional-link elementor-element elementor-element-2194a5d e-con-full e-flex e-con e-child\" data-id=\"2194a5d\" data-element_type=\"container\" data-e-type=\"container\">\n\t\t\t\t<div class=\"elementor-element elementor-element-cc74d0e elementor-widget elementor-widget-image\" data-id=\"cc74d0e\" data-element_type=\"widget\" data-e-type=\"widget\" data-widget_type=\"image.default\">\n\t\t\t\t\t\t\t\t\t\t\t\t\t\t\t<img loading=\"lazy\" decoding=\"async\" width=\"800\" height=\"800\" src=\"https:\/\/www.datahidrolik.com\/wp-content\/uploads\/2025\/12\/Zincir-Tutucu.jpg\" class=\"attachment-large size-large wp-image-6622\" alt=\"\" srcset=\"https:\/\/www.datahidrolik.com\/wp-content\/uploads\/2025\/12\/Zincir-Tutucu.jpg 1024w, https:\/\/www.datahidrolik.com\/wp-content\/uploads\/2025\/12\/Zincir-Tutucu-300x300.jpg 300w, https:\/\/www.datahidrolik.com\/wp-content\/uploads\/2025\/12\/Zincir-Tutucu-150x150.jpg 150w, https:\/\/www.datahidrolik.com\/wp-content\/uploads\/2025\/12\/Zincir-Tutucu-768x768.jpg 768w, https:\/\/www.datahidrolik.com\/wp-content\/uploads\/2025\/12\/Zincir-Tutucu-12x12.jpg 12w\" sizes=\"(max-width: 800px) 100vw, 800px\" \/>\t\t\t\t\t\t\t\t\t\t\t\t\t\t\t<\/div>\n\t\t<div class=\"elementor-element elementor-element-806286d e-con-full e-flex e-con e-child\" data-id=\"806286d\" data-element_type=\"container\" data-e-type=\"container\">\n\t\t\t\t<div class=\"elementor-element elementor-element-8575939 elementor-widget elementor-widget-heading\" data-id=\"8575939\" data-element_type=\"widget\" data-e-type=\"widget\" data-widget_type=\"heading.default\">\n\t\t\t\t\t<h3 class=\"elementor-heading-title elementor-size-default\">Chain End Fastening Devices<\/h3>\t\t\t\t<\/div>\n\t\t\t\t<div class=\"elementor-element elementor-element-ffc7fbf elementor-widget elementor-widget-text-editor\" data-id=\"ffc7fbf\" data-element_type=\"widget\" data-e-type=\"widget\" data-widget_type=\"text-editor.default\">\n\t\t\t\t\t\t\t\t\t<p>According to classification society rules, the end of chain in the chain locker must be\nconnected to the hull in a detachable way. By means of the chain end fastening device, it\nis possible to set apart the end of chain remotely from deck or from a compartment\nneighbour to the chain locker. DATA offers various types of chain end fastening devices\nsuitable for the chains in its range.<\/p>\t\t\t\t\t\t\t\t<\/div>\n\t\t<div class=\"elementor-element elementor-element-ba50258 e-con-full e-flex e-con e-child\" data-id=\"ba50258\" data-element_type=\"container\" data-e-type=\"container\">\n\t\t\t\t<div class=\"elementor-element elementor-element-70045bc underline-btn elementor-widget elementor-widget-button\" data-id=\"70045bc\" data-element_type=\"widget\" data-e-type=\"widget\" data-widget_type=\"button.default\">\n\t\t\t\t\t\t\t\t\t\t<a class=\"elementor-button elementor-button-link elementor-size-sm\" href=\"https:\/\/www.datahidrolik.com\/en\/urunler\/irgat-sistemleri\/zincir-ucu-tutucular\/\">\n\t\t\t\t\t\t<span class=\"elementor-button-content-wrapper\">\n\t\t\t\t\t\t\t\t\t<span class=\"elementor-button-text\">More Information &gt;&gt;<\/span>\n\t\t\t\t\t<\/span>\n\t\t\t\t\t<\/a>\n\t\t\t\t\t\t\t\t<\/div>\n\t\t\t\t<\/div>\n\t\t\t\t<\/div>\n\t\t\t\t<\/div>\n\t\t<div data-eael-wrapper-link=\"{&quot;url&quot;:&quot;https:\\\/\\\/www.datahidrolik.com\\\/en\\\/urunler\\\/irgat-sistemleri\\\/hidrolik-sistemler\\\/&quot;,&quot;is_external&quot;:&quot;&quot;,&quot;nofollow&quot;:&quot;&quot;}\" class=\"eael-non-traditional-link elementor-element elementor-element-30440b3 e-con-full e-flex e-con e-child\" data-id=\"30440b3\" data-element_type=\"container\" data-e-type=\"container\">\n\t\t\t\t<div class=\"elementor-element elementor-element-09d07e3 elementor-widget elementor-widget-image\" data-id=\"09d07e3\" data-element_type=\"widget\" data-e-type=\"widget\" data-widget_type=\"image.default\">\n\t\t\t\t\t\t\t\t\t\t\t\t\t\t\t<img loading=\"lazy\" decoding=\"async\" width=\"800\" height=\"800\" src=\"https:\/\/www.datahidrolik.com\/wp-content\/uploads\/2025\/12\/DHS-120-Sayfa-47_clipped_rev_1.jpeg\" class=\"attachment-large size-large wp-image-6972\" alt=\"\" srcset=\"https:\/\/www.datahidrolik.com\/wp-content\/uploads\/2025\/12\/DHS-120-Sayfa-47_clipped_rev_1.jpeg 1024w, https:\/\/www.datahidrolik.com\/wp-content\/uploads\/2025\/12\/DHS-120-Sayfa-47_clipped_rev_1-300x300.jpeg 300w, https:\/\/www.datahidrolik.com\/wp-content\/uploads\/2025\/12\/DHS-120-Sayfa-47_clipped_rev_1-150x150.jpeg 150w, https:\/\/www.datahidrolik.com\/wp-content\/uploads\/2025\/12\/DHS-120-Sayfa-47_clipped_rev_1-768x768.jpeg 768w, https:\/\/www.datahidrolik.com\/wp-content\/uploads\/2025\/12\/DHS-120-Sayfa-47_clipped_rev_1-12x12.jpeg 12w\" sizes=\"(max-width: 800px) 100vw, 800px\" \/>\t\t\t\t\t\t\t\t\t\t\t\t\t\t\t<\/div>\n\t\t<div class=\"elementor-element elementor-element-cb1eede e-con-full e-flex e-con e-child\" data-id=\"cb1eede\" data-element_type=\"container\" data-e-type=\"container\">\n\t\t\t\t<div class=\"elementor-element elementor-element-df30de3 elementor-widget elementor-widget-heading\" data-id=\"df30de3\" data-element_type=\"widget\" data-e-type=\"widget\" data-widget_type=\"heading.default\">\n\t\t\t\t\t<h3 class=\"elementor-heading-title elementor-size-default\">Hydraulic Systems<\/h3>\t\t\t\t<\/div>\n\t\t\t\t<div class=\"elementor-element elementor-element-83a2752 elementor-widget elementor-widget-text-editor\" data-id=\"83a2752\" data-element_type=\"widget\" data-e-type=\"widget\" data-widget_type=\"text-editor.default\">\n\t\t\t\t\t\t\t\t\t<p>DATA hydraulic systems are primarily designed to power anchor windlasses and capstans. Through modular control valves, the same hydraulic circuit can also drive other deck machinery such as cranes, hatches, or drive units, ensuring compactness, efficiency, and operational safety.<\/p>\t\t\t\t\t\t\t\t<\/div>\n\t\t<div class=\"elementor-element elementor-element-2e8534e e-con-full e-flex e-con e-child\" data-id=\"2e8534e\" data-element_type=\"container\" data-e-type=\"container\">\n\t\t\t\t<div class=\"elementor-element elementor-element-8d68d84 underline-btn elementor-widget elementor-widget-button\" data-id=\"8d68d84\" data-element_type=\"widget\" data-e-type=\"widget\" data-widget_type=\"button.default\">\n\t\t\t\t\t\t\t\t\t\t<a class=\"elementor-button elementor-button-link elementor-size-sm\" href=\"https:\/\/www.datahidrolik.com\/en\/urunler\/irgat-sistemleri\/hidrolik-sistemler\/\">\n\t\t\t\t\t\t<span class=\"elementor-button-content-wrapper\">\n\t\t\t\t\t\t\t\t\t<span class=\"elementor-button-text\">More Information &gt;&gt;<\/span>\n\t\t\t\t\t<\/span>\n\t\t\t\t\t<\/a>\n\t\t\t\t\t\t\t\t<\/div>\n\t\t\t\t<\/div>\n\t\t\t\t<\/div>\n\t\t\t\t<\/div>\n\t\t\t\t<\/div>\n\t\t\t\t<\/div>\n\t\t\t\t<\/div>\n\t\t\t\t\t<\/div>\n\t\t\t\t<\/div>\n\t\t\t\t<\/div>\n\t\t\t\t<\/div>","protected":false},"excerpt":{"rendered":"<p>Yatlar ve Mega Yatlar \u0130\u00e7in \u0130lgili \u00dcr\u00fcn Gruplar\u0131 D\u00fcmen Sistemleri Data Hidrolik, 0.5 kN\u00b7m\u2019den 600 kN\u00b7m\u2019ye kadar farkl\u0131 tork de\u011ferlerinde hidrolik d\u00fcmen sistemleri tasarlay\u0131p \u00fcretir. Sistemler; \u00f6zel ve mega yatlardan ticari gemi, r\u00f6mork\u00f6r ve askeri gemilere kadar geni\u015f bir yelpazede kullan\u0131l\u0131r. Her \u00e7\u00f6z\u00fcm, silindir, el pompas\u0131, k\u00f6pr\u00fc kontrol\u00fc, HPU, starter panosu ve a\u00e7\u0131 g\u00f6stergeleriyle eksiksiz [&hellip;]<\/p>\n","protected":false},"author":1,"featured_media":3716,"parent":3587,"menu_order":0,"comment_status":"closed","ping_status":"closed","template":"","meta":{"_acf_changed":false,"footnotes":""},"class_list":["post-3787","page","type-page","status-publish","has-post-thumbnail","hentry"],"acf":[],"_links":{"self":[{"href":"https:\/\/www.datahidrolik.com\/en\/wp-json\/wp\/v2\/pages\/3787","targetHints":{"allow":["GET"]}}],"collection":[{"href":"https:\/\/www.datahidrolik.com\/en\/wp-json\/wp\/v2\/pages"}],"about":[{"href":"https:\/\/www.datahidrolik.com\/en\/wp-json\/wp\/v2\/types\/page"}],"author":[{"embeddable":true,"href":"https:\/\/www.datahidrolik.com\/en\/wp-json\/wp\/v2\/users\/1"}],"replies":[{"embeddable":true,"href":"https:\/\/www.datahidrolik.com\/en\/wp-json\/wp\/v2\/comments?post=3787"}],"version-history":[{"count":32,"href":"https:\/\/www.datahidrolik.com\/en\/wp-json\/wp\/v2\/pages\/3787\/revisions"}],"predecessor-version":[{"id":8467,"href":"https:\/\/www.datahidrolik.com\/en\/wp-json\/wp\/v2\/pages\/3787\/revisions\/8467"}],"up":[{"embeddable":true,"href":"https:\/\/www.datahidrolik.com\/en\/wp-json\/wp\/v2\/pages\/3587"}],"wp:featuredmedia":[{"embeddable":true,"href":"https:\/\/www.datahidrolik.com\/en\/wp-json\/wp\/v2\/media\/3716"}],"wp:attachment":[{"href":"https:\/\/www.datahidrolik.com\/en\/wp-json\/wp\/v2\/media?parent=3787"}],"curies":[{"name":"wp","href":"https:\/\/api.w.org\/{rel}","templated":true}]}}