{"id":3804,"date":"2025-10-12T23:31:52","date_gmt":"2025-10-12T20:31:52","guid":{"rendered":"https:\/\/www.erkanmutlu.xyz\/?page_id=3804"},"modified":"2026-02-10T09:37:42","modified_gmt":"2026-02-10T06:37:42","slug":"high-speed-craft","status":"publish","type":"page","link":"https:\/\/www.datahidrolik.com\/en\/alanlar\/yuksek-hizli-tekneler\/","title":{"rendered":"High-Speed Craft"},"content":{"rendered":"<div data-elementor-type=\"wp-page\" data-elementor-id=\"3804\" class=\"elementor elementor-3804\" data-elementor-post-type=\"page\">\n\t\t\t\t<div class=\"elementor-element elementor-element-e1cde17 e-con-full e-flex e-con e-parent\" data-id=\"e1cde17\" data-element_type=\"container\" data-e-type=\"container\" data-settings=\"{&quot;background_background&quot;:&quot;classic&quot;}\">\n\t\t<div class=\"elementor-element elementor-element-e6089e8 e-flex e-con-boxed e-con e-child\" data-id=\"e6089e8\" data-element_type=\"container\" data-e-type=\"container\">\n\t\t\t\t\t<div class=\"e-con-inner\">\n\t\t<div class=\"elementor-element elementor-element-2084ca0 breadcrumbs breadcrumbs--white e-con-full e-flex e-con e-child\" data-id=\"2084ca0\" data-element_type=\"container\" data-e-type=\"container\">\n\t\t\t\t<div class=\"elementor-element elementor-element-a2f1f10 elementor-widget elementor-widget-shortcode\" data-id=\"a2f1f10\" data-element_type=\"widget\" data-e-type=\"widget\" data-widget_type=\"shortcode.default\">\n\t\t\t\t\t\t\t<div class=\"elementor-shortcode\"><nav aria-label=\"breadcrumbs\" class=\"rank-math-breadcrumb\"><p><span class=\"last\">Home<\/span><\/p><\/nav>\n<\/div>\n\t\t\t\t\t\t<\/div>\n\t\t\t\t<div class=\"elementor-element elementor-element-5e9bf6f elementor-widget elementor-widget-text-editor\" data-id=\"5e9bf6f\" data-element_type=\"widget\" data-e-type=\"widget\" data-widget_type=\"text-editor.default\">\n\t\t\t\t\t\t\t\t\t<p><strong>Full control and safety without compromising on speed.<\/strong><\/p>\n<p>High-speed craft demand instant maneuverability and responsive systems. At DATA, we understand the specific requirements of these vessels and deliver lightweight, compact hydraulic steering systems that provide perfect control and safety even at high speeds. Our products combine performance and precision, overcoming all challenges that come with speed.<\/p>\n\t\t\t\t\t\t\t\t<\/div>\n\t\t\t\t<\/div>\n\t\t<div class=\"elementor-element elementor-element-70e0fdc e-con-full e-flex e-con e-child\" data-id=\"70e0fdc\" data-element_type=\"container\" data-e-type=\"container\" data-settings=\"{&quot;background_background&quot;:&quot;classic&quot;}\">\n\t\t\t\t<\/div>\n\t\t<div class=\"elementor-element elementor-element-c8e2859 e-con-full e-flex e-con e-child\" data-id=\"c8e2859\" data-element_type=\"container\" data-e-type=\"container\">\n\t\t<div class=\"elementor-element elementor-element-85247c0 e-con-full breadcrumbs breadcrumbs--navy e-flex e-con e-child\" data-id=\"85247c0\" data-element_type=\"container\" data-e-type=\"container\" data-settings=\"{&quot;background_background&quot;:&quot;classic&quot;}\">\n\t\t\t\t<div class=\"elementor-element elementor-element-696df63 elementor-invisible elementor-widget elementor-widget-heading\" data-id=\"696df63\" data-element_type=\"widget\" data-e-type=\"widget\" data-settings=\"{&quot;_animation&quot;:&quot;fadeInUp&quot;,&quot;_animation_delay&quot;:0.8}\" data-widget_type=\"heading.default\">\n\t\t\t\t\t<h2 class=\"elementor-heading-title elementor-size-default\">Related Product Groups for High-Speed Craft<\/h2>\t\t\t\t<\/div>\n\t\t<div class=\"elementor-element elementor-element-efe3e5e e-grid e-con-full e-con e-child\" data-id=\"efe3e5e\" data-element_type=\"container\" data-e-type=\"container\">\n\t\t<div data-eael-wrapper-link=\"{&quot;url&quot;:&quot;https:\\\/\\\/www.datahidrolik.com\\\/en\\\/urunler\\\/dumen-sistemleri\\\/&quot;,&quot;is_external&quot;:&quot;&quot;,&quot;nofollow&quot;:&quot;&quot;}\" class=\"eael-non-traditional-link elementor-element elementor-element-39f2612 e-con-full e-flex e-con e-child\" data-id=\"39f2612\" data-element_type=\"container\" data-e-type=\"container\">\n\t\t\t\t<div class=\"elementor-element elementor-element-4185f0b elementor-widget elementor-widget-image\" data-id=\"4185f0b\" data-element_type=\"widget\" data-e-type=\"widget\" data-widget_type=\"image.default\">\n\t\t\t\t\t\t\t\t\t\t\t\t\t\t\t<img fetchpriority=\"high\" decoding=\"async\" width=\"800\" height=\"800\" src=\"https:\/\/www.datahidrolik.com\/wp-content\/uploads\/2025\/12\/DDM-2000.jpeg\" class=\"attachment-large size-large wp-image-7032\" alt=\"\" srcset=\"https:\/\/www.datahidrolik.com\/wp-content\/uploads\/2025\/12\/DDM-2000.jpeg 1024w, https:\/\/www.datahidrolik.com\/wp-content\/uploads\/2025\/12\/DDM-2000-300x300.jpeg 300w, https:\/\/www.datahidrolik.com\/wp-content\/uploads\/2025\/12\/DDM-2000-150x150.jpeg 150w, https:\/\/www.datahidrolik.com\/wp-content\/uploads\/2025\/12\/DDM-2000-768x768.jpeg 768w, https:\/\/www.datahidrolik.com\/wp-content\/uploads\/2025\/12\/DDM-2000-12x12.jpeg 12w\" sizes=\"(max-width: 800px) 100vw, 800px\" \/>\t\t\t\t\t\t\t\t\t\t\t\t\t\t\t<\/div>\n\t\t<div class=\"elementor-element elementor-element-78c95e0 e-con-full e-flex e-con e-child\" data-id=\"78c95e0\" data-element_type=\"container\" data-e-type=\"container\">\n\t\t\t\t<div class=\"elementor-element elementor-element-2847342 elementor-widget elementor-widget-heading\" data-id=\"2847342\" data-element_type=\"widget\" data-e-type=\"widget\" data-widget_type=\"heading.default\">\n\t\t\t\t\t<h3 class=\"elementor-heading-title elementor-size-default\"><div style=\"text-align:center\">\n  Hydraulic Steering<br \/>\n  Systems\n<\/div><\/h3>\t\t\t\t<\/div>\n\t\t\t\t<div class=\"elementor-element elementor-element-239a0ae elementor-widget elementor-widget-text-editor\" data-id=\"239a0ae\" data-element_type=\"widget\" data-e-type=\"widget\" data-widget_type=\"text-editor.default\">\n\t\t\t\t\t\t\t\t\t<p>DATA designs and manufactures hydraulic steering systems ranging from 0.5 kN\u00b7m to 600 kN\u00b7m of torque. These systems are used on a wide variety of vessels \u2014 from private and mega yachts to commercial vessels, tugboats, and naval vessels. Each solution is offered as a complete set including cylinders, hand pumps, bridge controls, hydraulic power units (HPU), starter panels, and rudder angle indicators.<\/p>\t\t\t\t\t\t\t\t<\/div>\n\t\t<div class=\"elementor-element elementor-element-29c2bc4 e-con-full e-flex e-con e-child\" data-id=\"29c2bc4\" data-element_type=\"container\" data-e-type=\"container\">\n\t\t\t\t<div class=\"elementor-element elementor-element-7cdecae underline-btn elementor-widget elementor-widget-button\" data-id=\"7cdecae\" data-element_type=\"widget\" data-e-type=\"widget\" data-widget_type=\"button.default\">\n\t\t\t\t\t\t\t\t\t\t<a class=\"elementor-button elementor-button-link elementor-size-sm\" href=\"https:\/\/www.datahidrolik.com\/en\/urunler\/dumen-sistemleri\/\">\n\t\t\t\t\t\t<span class=\"elementor-button-content-wrapper\">\n\t\t\t\t\t\t\t\t\t<span class=\"elementor-button-text\">More Information &gt;&gt;<\/span>\n\t\t\t\t\t<\/span>\n\t\t\t\t\t<\/a>\n\t\t\t\t\t\t\t\t<\/div>\n\t\t\t\t<\/div>\n\t\t\t\t<\/div>\n\t\t\t\t<\/div>\n\t\t<div data-eael-wrapper-link=\"{&quot;url&quot;:&quot;https:\\\/\\\/www.datahidrolik.com\\\/en\\\/urunler\\\/irgat-sistemleri\\\/zincir-irgatlari\\\/&quot;,&quot;is_external&quot;:&quot;&quot;,&quot;nofollow&quot;:&quot;&quot;}\" class=\"eael-non-traditional-link elementor-element elementor-element-6933fe5 e-con-full e-flex e-con e-child\" data-id=\"6933fe5\" data-element_type=\"container\" data-e-type=\"container\">\n\t\t\t\t<div class=\"elementor-element elementor-element-bef8f38 elementor-widget elementor-widget-image\" data-id=\"bef8f38\" data-element_type=\"widget\" data-e-type=\"widget\" data-widget_type=\"image.default\">\n\t\t\t\t\t\t\t\t\t\t\t\t\t\t\t<img decoding=\"async\" width=\"800\" height=\"800\" src=\"https:\/\/www.datahidrolik.com\/wp-content\/uploads\/2025\/12\/DZC3300.png\" class=\"attachment-large size-large wp-image-6617\" alt=\"\" srcset=\"https:\/\/www.datahidrolik.com\/wp-content\/uploads\/2025\/12\/DZC3300.png 1024w, https:\/\/www.datahidrolik.com\/wp-content\/uploads\/2025\/12\/DZC3300-300x300.png 300w, https:\/\/www.datahidrolik.com\/wp-content\/uploads\/2025\/12\/DZC3300-150x150.png 150w, https:\/\/www.datahidrolik.com\/wp-content\/uploads\/2025\/12\/DZC3300-768x768.png 768w, https:\/\/www.datahidrolik.com\/wp-content\/uploads\/2025\/12\/DZC3300-12x12.png 12w\" sizes=\"(max-width: 800px) 100vw, 800px\" \/>\t\t\t\t\t\t\t\t\t\t\t\t\t\t\t<\/div>\n\t\t<div class=\"elementor-element elementor-element-bca870d e-con-full e-flex e-con e-child\" data-id=\"bca870d\" data-element_type=\"container\" data-e-type=\"container\">\n\t\t\t\t<div class=\"elementor-element elementor-element-8131470 elementor-widget elementor-widget-heading\" data-id=\"8131470\" data-element_type=\"widget\" data-e-type=\"widget\" data-widget_type=\"heading.default\">\n\t\t\t\t\t<h3 class=\"elementor-heading-title elementor-size-default\">Anchor Windlasses<\/h3>\t\t\t\t<\/div>\n\t\t\t\t<div class=\"elementor-element elementor-element-81409d7 elementor-widget elementor-widget-text-editor\" data-id=\"81409d7\" data-element_type=\"widget\" data-e-type=\"widget\" data-widget_type=\"text-editor.default\">\n\t\t\t\t\t\t\t\t\t<p>Anchor windlasses are essential deck machinery designed to ensure safe anchoring and precise chain handling. DATA offers both horizontal and vertical windlass types, providing high-performance, customized solutions for commercial vessels, tugboats, and yachts of all tonnages.<\/p>\t\t\t\t\t\t\t\t<\/div>\n\t\t<div class=\"elementor-element elementor-element-912da12 e-con-full e-flex e-con e-child\" data-id=\"912da12\" data-element_type=\"container\" data-e-type=\"container\">\n\t\t\t\t<div class=\"elementor-element elementor-element-9dfc1d1 underline-btn elementor-widget elementor-widget-button\" data-id=\"9dfc1d1\" data-element_type=\"widget\" data-e-type=\"widget\" data-widget_type=\"button.default\">\n\t\t\t\t\t\t\t\t\t\t<a class=\"elementor-button elementor-button-link elementor-size-sm\" href=\"https:\/\/www.datahidrolik.com\/en\/urunler\/irgat-sistemleri\/zincir-irgatlari\/\">\n\t\t\t\t\t\t<span class=\"elementor-button-content-wrapper\">\n\t\t\t\t\t\t\t\t\t<span class=\"elementor-button-text\">More Information &gt;&gt;<\/span>\n\t\t\t\t\t<\/span>\n\t\t\t\t\t<\/a>\n\t\t\t\t\t\t\t\t<\/div>\n\t\t\t\t<\/div>\n\t\t\t\t<\/div>\n\t\t\t\t<\/div>\n\t\t<div data-eael-wrapper-link=\"{&quot;url&quot;:&quot;https:\\\/\\\/www.datahidrolik.com\\\/en\\\/urunler\\\/irgat-sistemleri\\\/manevra-irgatlari\\\/&quot;,&quot;is_external&quot;:&quot;&quot;,&quot;nofollow&quot;:&quot;&quot;}\" class=\"eael-non-traditional-link elementor-element elementor-element-3a5175a e-con-full e-flex e-con e-child\" data-id=\"3a5175a\" data-element_type=\"container\" data-e-type=\"container\">\n\t\t\t\t<div class=\"elementor-element elementor-element-b5e8b3e elementor-widget elementor-widget-image\" data-id=\"b5e8b3e\" data-element_type=\"widget\" data-e-type=\"widget\" data-widget_type=\"image.default\">\n\t\t\t\t\t\t\t\t\t\t\t\t\t\t\t<img decoding=\"async\" width=\"800\" height=\"800\" src=\"https:\/\/www.datahidrolik.com\/wp-content\/uploads\/2025\/12\/DHC-1000-EKr.jpeg\" class=\"attachment-large size-large wp-image-6984\" alt=\"\" srcset=\"https:\/\/www.datahidrolik.com\/wp-content\/uploads\/2025\/12\/DHC-1000-EKr.jpeg 1024w, https:\/\/www.datahidrolik.com\/wp-content\/uploads\/2025\/12\/DHC-1000-EKr-300x300.jpeg 300w, https:\/\/www.datahidrolik.com\/wp-content\/uploads\/2025\/12\/DHC-1000-EKr-150x150.jpeg 150w, https:\/\/www.datahidrolik.com\/wp-content\/uploads\/2025\/12\/DHC-1000-EKr-768x768.jpeg 768w, https:\/\/www.datahidrolik.com\/wp-content\/uploads\/2025\/12\/DHC-1000-EKr-12x12.jpeg 12w\" sizes=\"(max-width: 800px) 100vw, 800px\" \/>\t\t\t\t\t\t\t\t\t\t\t\t\t\t\t<\/div>\n\t\t<div class=\"elementor-element elementor-element-e1129ed e-con-full e-flex e-con e-child\" data-id=\"e1129ed\" data-element_type=\"container\" data-e-type=\"container\">\n\t\t\t\t<div class=\"elementor-element elementor-element-d01f0f0 elementor-widget elementor-widget-heading\" data-id=\"d01f0f0\" data-element_type=\"widget\" data-e-type=\"widget\" data-widget_type=\"heading.default\">\n\t\t\t\t\t<h3 class=\"elementor-heading-title elementor-size-default\">Mooring Capstans <\/h3>\t\t\t\t<\/div>\n\t\t\t\t<div class=\"elementor-element elementor-element-342f260 elementor-widget elementor-widget-text-editor\" data-id=\"342f260\" data-element_type=\"widget\" data-e-type=\"widget\" data-widget_type=\"text-editor.default\">\n\t\t\t\t\t\t\t\t\t<p>Mooring Capstans are powerful hauling systems designed to ensure the safe winding of ropes and chains on board vessels.\nData Hidrolik offers mooring capstans with various pulling capacities ranging from 500 kg to 15,000 kg.\nThanks to the design in which the gearbox and motor are positioned below the deck, an aesthetic and flush deck surface is achieved.<\/p>\t\t\t\t\t\t\t\t<\/div>\n\t\t<div class=\"elementor-element elementor-element-515edd6 e-con-full e-flex e-con e-child\" data-id=\"515edd6\" data-element_type=\"container\" data-e-type=\"container\">\n\t\t\t\t<div class=\"elementor-element elementor-element-589ec87 underline-btn elementor-widget elementor-widget-button\" data-id=\"589ec87\" data-element_type=\"widget\" data-e-type=\"widget\" data-widget_type=\"button.default\">\n\t\t\t\t\t\t\t\t\t\t<a class=\"elementor-button elementor-button-link elementor-size-sm\" href=\"https:\/\/www.datahidrolik.com\/en\/urunler\/irgat-sistemleri\/manevra-irgatlari\/\">\n\t\t\t\t\t\t<span class=\"elementor-button-content-wrapper\">\n\t\t\t\t\t\t\t\t\t<span class=\"elementor-button-text\">More Information &gt;&gt;<\/span>\n\t\t\t\t\t<\/span>\n\t\t\t\t\t<\/a>\n\t\t\t\t\t\t\t\t<\/div>\n\t\t\t\t<\/div>\n\t\t\t\t<\/div>\n\t\t\t\t<\/div>\n\t\t<div data-eael-wrapper-link=\"{&quot;url&quot;:&quot;https:\\\/\\\/www.datahidrolik.com\\\/en\\\/urunler\\\/irgat-sistemleri\\\/zincir-ucu-tutucular\\\/&quot;,&quot;is_external&quot;:&quot;&quot;,&quot;nofollow&quot;:&quot;&quot;}\" class=\"eael-non-traditional-link elementor-element elementor-element-354b596 e-con-full e-flex e-con e-child\" data-id=\"354b596\" data-element_type=\"container\" data-e-type=\"container\">\n\t\t\t\t<div class=\"elementor-element elementor-element-34ccf0d elementor-widget elementor-widget-image\" data-id=\"34ccf0d\" data-element_type=\"widget\" data-e-type=\"widget\" data-widget_type=\"image.default\">\n\t\t\t\t\t\t\t\t\t\t\t\t\t\t\t<img loading=\"lazy\" decoding=\"async\" width=\"800\" height=\"800\" src=\"https:\/\/www.datahidrolik.com\/wp-content\/uploads\/2025\/12\/Zincir-Tutucu.jpg\" class=\"attachment-large size-large wp-image-6622\" alt=\"\" srcset=\"https:\/\/www.datahidrolik.com\/wp-content\/uploads\/2025\/12\/Zincir-Tutucu.jpg 1024w, https:\/\/www.datahidrolik.com\/wp-content\/uploads\/2025\/12\/Zincir-Tutucu-300x300.jpg 300w, https:\/\/www.datahidrolik.com\/wp-content\/uploads\/2025\/12\/Zincir-Tutucu-150x150.jpg 150w, https:\/\/www.datahidrolik.com\/wp-content\/uploads\/2025\/12\/Zincir-Tutucu-768x768.jpg 768w, https:\/\/www.datahidrolik.com\/wp-content\/uploads\/2025\/12\/Zincir-Tutucu-12x12.jpg 12w\" sizes=\"(max-width: 800px) 100vw, 800px\" \/>\t\t\t\t\t\t\t\t\t\t\t\t\t\t\t<\/div>\n\t\t<div class=\"elementor-element elementor-element-d1900da e-con-full e-flex e-con e-child\" data-id=\"d1900da\" data-element_type=\"container\" data-e-type=\"container\">\n\t\t\t\t<div class=\"elementor-element elementor-element-334a4ba elementor-widget elementor-widget-heading\" data-id=\"334a4ba\" data-element_type=\"widget\" data-e-type=\"widget\" data-widget_type=\"heading.default\">\n\t\t\t\t\t<h3 class=\"elementor-heading-title elementor-size-default\">Chain End Fastening Devices<\/h3>\t\t\t\t<\/div>\n\t\t\t\t<div class=\"elementor-element elementor-element-1e41c5f elementor-widget elementor-widget-text-editor\" data-id=\"1e41c5f\" data-element_type=\"widget\" data-e-type=\"widget\" data-widget_type=\"text-editor.default\">\n\t\t\t\t\t\t\t\t\t<p>According to classification society rules, the end of chain in the chain locker must be\nconnected to the hull in a detachable way. By means of the chain end fastening device, it\nis possible to set apart the end of chain remotely from deck or from a compartment\nneighbour to the chain locker. DATA offers various types of chain end fastening devices\nsuitable for the chains in its range.<\/p>\t\t\t\t\t\t\t\t<\/div>\n\t\t<div class=\"elementor-element elementor-element-9880636 e-con-full e-flex e-con e-child\" data-id=\"9880636\" data-element_type=\"container\" data-e-type=\"container\">\n\t\t\t\t<div class=\"elementor-element elementor-element-500315a underline-btn elementor-widget elementor-widget-button\" data-id=\"500315a\" data-element_type=\"widget\" data-e-type=\"widget\" data-widget_type=\"button.default\">\n\t\t\t\t\t\t\t\t\t\t<a class=\"elementor-button elementor-button-link elementor-size-sm\" href=\"https:\/\/www.datahidrolik.com\/en\/urunler\/irgat-sistemleri\/zincir-ucu-tutucular\/\">\n\t\t\t\t\t\t<span class=\"elementor-button-content-wrapper\">\n\t\t\t\t\t\t\t\t\t<span class=\"elementor-button-text\">More Information &gt;&gt;<\/span>\n\t\t\t\t\t<\/span>\n\t\t\t\t\t<\/a>\n\t\t\t\t\t\t\t\t<\/div>\n\t\t\t\t<\/div>\n\t\t\t\t<\/div>\n\t\t\t\t<\/div>\n\t\t<div data-eael-wrapper-link=\"{&quot;url&quot;:&quot;https:\\\/\\\/www.datahidrolik.com\\\/en\\\/urunler\\\/irgat-sistemleri\\\/hidrolik-sistemler\\\/&quot;,&quot;is_external&quot;:&quot;&quot;,&quot;nofollow&quot;:&quot;&quot;}\" class=\"eael-non-traditional-link elementor-element elementor-element-77efabe e-con-full e-flex e-con e-child\" data-id=\"77efabe\" data-element_type=\"container\" data-e-type=\"container\">\n\t\t\t\t<div class=\"elementor-element elementor-element-8450b95 elementor-widget elementor-widget-image\" data-id=\"8450b95\" data-element_type=\"widget\" data-e-type=\"widget\" data-widget_type=\"image.default\">\n\t\t\t\t\t\t\t\t\t\t\t\t\t\t\t<img loading=\"lazy\" decoding=\"async\" width=\"800\" height=\"800\" src=\"https:\/\/www.datahidrolik.com\/wp-content\/uploads\/2025\/12\/DHS-120-Sayfa-47_clipped_rev_1.jpeg\" class=\"attachment-large size-large wp-image-6972\" alt=\"\" srcset=\"https:\/\/www.datahidrolik.com\/wp-content\/uploads\/2025\/12\/DHS-120-Sayfa-47_clipped_rev_1.jpeg 1024w, https:\/\/www.datahidrolik.com\/wp-content\/uploads\/2025\/12\/DHS-120-Sayfa-47_clipped_rev_1-300x300.jpeg 300w, https:\/\/www.datahidrolik.com\/wp-content\/uploads\/2025\/12\/DHS-120-Sayfa-47_clipped_rev_1-150x150.jpeg 150w, https:\/\/www.datahidrolik.com\/wp-content\/uploads\/2025\/12\/DHS-120-Sayfa-47_clipped_rev_1-768x768.jpeg 768w, https:\/\/www.datahidrolik.com\/wp-content\/uploads\/2025\/12\/DHS-120-Sayfa-47_clipped_rev_1-12x12.jpeg 12w\" sizes=\"(max-width: 800px) 100vw, 800px\" \/>\t\t\t\t\t\t\t\t\t\t\t\t\t\t\t<\/div>\n\t\t<div class=\"elementor-element elementor-element-4fc6e57 e-con-full e-flex e-con e-child\" data-id=\"4fc6e57\" data-element_type=\"container\" data-e-type=\"container\">\n\t\t\t\t<div class=\"elementor-element elementor-element-b2e6cef elementor-widget elementor-widget-heading\" data-id=\"b2e6cef\" data-element_type=\"widget\" data-e-type=\"widget\" data-widget_type=\"heading.default\">\n\t\t\t\t\t<h3 class=\"elementor-heading-title elementor-size-default\">Hydraulic Systems<\/h3>\t\t\t\t<\/div>\n\t\t\t\t<div class=\"elementor-element elementor-element-c492b87 elementor-widget elementor-widget-text-editor\" data-id=\"c492b87\" data-element_type=\"widget\" data-e-type=\"widget\" data-widget_type=\"text-editor.default\">\n\t\t\t\t\t\t\t\t\t<p>DATA hydraulic systems are primarily designed to power anchor windlasses and capstans. Through modular control valves, the same hydraulic circuit can also drive other deck machinery such as cranes, hatches, or drive units, ensuring compactness, efficiency, and operational safety.<\/p>\t\t\t\t\t\t\t\t<\/div>\n\t\t<div class=\"elementor-element elementor-element-409a626 e-con-full e-flex e-con e-child\" data-id=\"409a626\" data-element_type=\"container\" data-e-type=\"container\">\n\t\t\t\t<div class=\"elementor-element elementor-element-ac80d45 underline-btn elementor-widget elementor-widget-button\" data-id=\"ac80d45\" data-element_type=\"widget\" data-e-type=\"widget\" data-widget_type=\"button.default\">\n\t\t\t\t\t\t\t\t\t\t<a class=\"elementor-button elementor-button-link elementor-size-sm\" href=\"https:\/\/www.datahidrolik.com\/en\/urunler\/irgat-sistemleri\/hidrolik-sistemler\/\">\n\t\t\t\t\t\t<span class=\"elementor-button-content-wrapper\">\n\t\t\t\t\t\t\t\t\t<span class=\"elementor-button-text\">More Information &gt;&gt;<\/span>\n\t\t\t\t\t<\/span>\n\t\t\t\t\t<\/a>\n\t\t\t\t\t\t\t\t<\/div>\n\t\t\t\t<\/div>\n\t\t\t\t<\/div>\n\t\t\t\t<\/div>\n\t\t\t\t<\/div>\n\t\t\t\t<\/div>\n\t\t\t\t<\/div>\n\t\t\t\t\t<\/div>\n\t\t\t\t<\/div>\n\t\t\t\t<\/div>\n\t\t\t\t<\/div>","protected":false},"excerpt":{"rendered":"<p>Y\u00fcksek H\u0131zl\u0131 Tekneler \u0130\u00e7in \u0130lgili \u00dcr\u00fcn Gruplar\u0131 D\u00fcmen Sistemleri Data Hidrolik, 0.5 kN\u00b7m\u2019den 600 kN\u00b7m\u2019ye kadar farkl\u0131 tork de\u011ferlerinde hidrolik d\u00fcmen sistemleri tasarlay\u0131p \u00fcretir. Sistemler; \u00f6zel ve mega yatlardan ticari gemi, r\u00f6mork\u00f6r ve askeri gemilere kadar geni\u015f bir yelpazede kullan\u0131l\u0131r. Her \u00e7\u00f6z\u00fcm, silindir, el pompas\u0131, k\u00f6pr\u00fc kontrol\u00fc, HPU, starter panosu ve a\u00e7\u0131 g\u00f6stergeleriyle eksiksiz bir [&hellip;]<\/p>\n","protected":false},"author":1,"featured_media":3717,"parent":3587,"menu_order":0,"comment_status":"closed","ping_status":"closed","template":"","meta":{"_acf_changed":false,"footnotes":""},"class_list":["post-3804","page","type-page","status-publish","has-post-thumbnail","hentry"],"acf":[],"_links":{"self":[{"href":"https:\/\/www.datahidrolik.com\/en\/wp-json\/wp\/v2\/pages\/3804","targetHints":{"allow":["GET"]}}],"collection":[{"href":"https:\/\/www.datahidrolik.com\/en\/wp-json\/wp\/v2\/pages"}],"about":[{"href":"https:\/\/www.datahidrolik.com\/en\/wp-json\/wp\/v2\/types\/page"}],"author":[{"embeddable":true,"href":"https:\/\/www.datahidrolik.com\/en\/wp-json\/wp\/v2\/users\/1"}],"replies":[{"embeddable":true,"href":"https:\/\/www.datahidrolik.com\/en\/wp-json\/wp\/v2\/comments?post=3804"}],"version-history":[{"count":29,"href":"https:\/\/www.datahidrolik.com\/en\/wp-json\/wp\/v2\/pages\/3804\/revisions"}],"predecessor-version":[{"id":8470,"href":"https:\/\/www.datahidrolik.com\/en\/wp-json\/wp\/v2\/pages\/3804\/revisions\/8470"}],"up":[{"embeddable":true,"href":"https:\/\/www.datahidrolik.com\/en\/wp-json\/wp\/v2\/pages\/3587"}],"wp:featuredmedia":[{"embeddable":true,"href":"https:\/\/www.datahidrolik.com\/en\/wp-json\/wp\/v2\/media\/3717"}],"wp:attachment":[{"href":"https:\/\/www.datahidrolik.com\/en\/wp-json\/wp\/v2\/media?parent=3804"}],"curies":[{"name":"wp","href":"https:\/\/api.w.org\/{rel}","templated":true}]}}